{"id":15744,"date":"2023-11-10T14:33:48","date_gmt":"2023-11-10T14:33:48","guid":{"rendered":"https:\/\/avukathht.com\/?page_id=15744"},"modified":"2023-11-28T14:13:42","modified_gmt":"2023-11-28T14:13:42","slug":"hollanda","status":"publish","type":"page","link":"https:\/\/avukathht.com\/en\/hollanda\/","title":{"rendered":"Hollanda"},"content":{"rendered":"<div data-elementor-type=\"wp-page\" data-elementor-id=\"15744\" class=\"elementor elementor-15744\">\n\t\t\t\t\t\t<section class=\"wd-negative-gap elementor-section elementor-top-section elementor-element elementor-element-3449ee26 elementor-section-content-middle wd-section-stretch-content elementor-section-boxed elementor-section-height-default elementor-section-height-default\" data-id=\"3449ee26\" data-element_type=\"section\" data-e-type=\"section\" data-settings=\"{&quot;background_background&quot;:&quot;gradient&quot;,&quot;shape_divider_top&quot;:&quot;wd_curved_line&quot;,&quot;shape_divider_bottom&quot;:&quot;wd_curved_line&quot;}\">\n\t\t\t\t\t<div class=\"elementor-shape elementor-shape-top\" aria-hidden=\"true\" data-negative=\"false\">\n\t\t\t<svg xmlns=\"http:\/\/www.w3.org\/2000\/svg\" class=\"wd-divider\" xmlns:xlink=\"http:\/\/www.w3.org\/1999\/xlink\" x=\"0px\" y=\"0px\"\n\t viewbox=\"0 0 100 100\" width=\"100%\" height=\"50px\" preserveaspectratio=\"none\">\n<path class=\"elementor-shape-fill\" display=\"none\" d=\"M100,25.8V100H0V52.5c-4.9-6.8-9.5-13.8-15-19.7V101h125V20.9C106.3,22,103,23.7,100,25.8z\"\/>\n<path class=\"elementor-shape-fill\" d=\"M0,0v99c22-20.6,28.7-69.7,61.4-69.7c18.8,0,29.1,16.2,38.6,34V0L0,0z\"\/>\n<\/svg>\n\t\t<\/div>\n\t\t\t\t<div class=\"elementor-shape elementor-shape-bottom\" aria-hidden=\"true\" data-negative=\"false\">\n\t\t\t<svg xmlns=\"http:\/\/www.w3.org\/2000\/svg\" class=\"wd-divider\" xmlns:xlink=\"http:\/\/www.w3.org\/1999\/xlink\" x=\"0px\" y=\"0px\"\n\t viewbox=\"0 0 100 100\" width=\"100%\" height=\"50px\" preserveaspectratio=\"none\">\n<path class=\"elementor-shape-fill\" display=\"none\" d=\"M100,25.8V100H0V52.5c-4.9-6.8-9.5-13.8-15-19.7V101h125V20.9C106.3,22,103,23.7,100,25.8z\"\/>\n<path class=\"elementor-shape-fill\" d=\"M0,0v99c22-20.6,28.7-69.7,61.4-69.7c18.8,0,29.1,16.2,38.6,34V0L0,0z\"\/>\n<\/svg>\n\t\t<\/div>\n\t\t\t\t\t<div class=\"elementor-container elementor-column-gap-no\">\n\t\t\t\t\t<div class=\"elementor-column elementor-col-100 elementor-top-column elementor-element elementor-element-3de120e9\" data-id=\"3de120e9\" data-element_type=\"column\" data-e-type=\"column\">\n\t\t\t<div class=\"elementor-widget-wrap elementor-element-populated\">\n\t\t\t\t\t\t<div class=\"elementor-element elementor-element-357e90f wd-parallax-on-scroll wd_scroll_x_0 wd_scroll_y_-40 wd_scroll_z_0 wd_scroll_smoothness_30 elementor-widget elementor-widget-wd_image_or_svg\" data-id=\"357e90f\" data-element_type=\"widget\" data-e-type=\"widget\" data-widget_type=\"wd_image_or_svg.default\">\n\t\t\t\t<div class=\"elementor-widget-container\">\n\t\t\t\t\t\n\t\t<div class=\"wd-image text-center\">\n\t\t\t\t\t\t\t\t<img loading=\"lazy\" decoding=\"async\" width=\"1080\" height=\"1080\" src=\"https:\/\/avukathht.com\/wp-content\/uploads\/2023\/11\/holland.png\" class=\"attachment-full size-full\" alt=\"\" srcset=\"https:\/\/avukathht.com\/wp-content\/uploads\/2023\/11\/holland.png 1080w, https:\/\/avukathht.com\/wp-content\/uploads\/2023\/11\/holland-300x300.png 300w, https:\/\/avukathht.com\/wp-content\/uploads\/2023\/11\/holland-800x800.png 800w, https:\/\/avukathht.com\/wp-content\/uploads\/2023\/11\/holland-150x150.png 150w, https:\/\/avukathht.com\/wp-content\/uploads\/2023\/11\/holland-768x768.png 768w, https:\/\/avukathht.com\/wp-content\/uploads\/2023\/11\/holland-12x12.png 12w, https:\/\/avukathht.com\/wp-content\/uploads\/2023\/11\/holland-860x860.png 860w, https:\/\/avukathht.com\/wp-content\/uploads\/2023\/11\/holland-430x430.png 430w, https:\/\/avukathht.com\/wp-content\/uploads\/2023\/11\/holland-700x700.png 700w\" sizes=\"auto, (max-width: 1080px) 100vw, 1080px\" \/>\t\t\t\t\t<\/div>\n\n\t\t\t\t\t\t<\/div>\n\t\t\t\t<\/div>\n\t\t\t\t\t<\/div>\n\t\t<\/div>\n\t\t\t\t<div class=\"elementor-column elementor-col-100 elementor-top-column elementor-element elementor-element-6e19cd95\" data-id=\"6e19cd95\" data-element_type=\"column\" data-e-type=\"column\">\n\t\t\t<div class=\"elementor-widget-wrap elementor-element-populated\">\n\t\t\t\t\t\t<div class=\"elementor-element elementor-element-3a665e75 wd-width-100 elementor-widget elementor-widget-wd_title\" data-id=\"3a665e75\" data-element_type=\"widget\" data-e-type=\"widget\" data-widget_type=\"wd_title.default\">\n\t\t\t\t<div class=\"elementor-widget-container\">\n\t\t\t\t\t\t\t<div class=\"title-wrapper wd-set-mb reset-last-child wd-title-color-white wd-title-style-default wd-title-size-extra-large text-left\">\n\n\t\t\t\n\t\t\t<div class=\"liner-continer\">\n\t\t\t\t<h4 class=\"woodmart-title-container title wd-fontsize-xxxl\">Hollanda<\/h4> \n\t\t\t\t\t\t\t<\/div>\n\n\t\t\t\t\t<\/div>\n\t\t\t\t\t\t<\/div>\n\t\t\t\t<\/div>\n\t\t\t\t<div class=\"elementor-element elementor-element-6fc15d99 elementor-widget elementor-widget-wd_text_block\" data-id=\"6fc15d99\" data-element_type=\"widget\" data-e-type=\"widget\" data-widget_type=\"wd_text_block.default\">\n\t\t\t\t<div class=\"elementor-widget-container\">\n\t\t\t\t\t\t\t<div class=\"wd-text-block reset-last-child text-left color-scheme-light\">\n\t\t\t\n\t\t\t<h4><span style=\"color: #000000;\"><strong>Hukuk ve Ticaret Perspektifinden Bir Bak\u0131\u015f<\/strong><\/span><\/h4><p><span style=\"font-weight: 400; color: #000000;\">Hollanda, Bat\u0131 Avrupa'da yer alan k\u00fc\u00e7\u00fck ancak b\u00fcy\u00fck etkiye sahip bir \u00fclke olarak dikkat \u00e7ekmektedir. Hem hukuk hem de ticaret alan\u0131nda sundu\u011fu avantajlar nedeniyle pek \u00e7ok i\u015f insan\u0131 ve yat\u0131r\u0131mc\u0131 i\u00e7in cazip bir destinasyon olarak \u00f6ne \u00e7\u0131kmaktad\u0131r.<\/span><\/p>\n\t\t\t\t\t<\/div>\n\t\t\t\t\t\t<\/div>\n\t\t\t\t<\/div>\n\t\t\t\t<div class=\"elementor-element elementor-element-94ed163 elementor-widget__width-auto elementor-widget elementor-widget-wd_button\" data-id=\"94ed163\" data-element_type=\"widget\" data-e-type=\"widget\" data-widget_type=\"wd_button.default\">\n\t\t\t\t<div class=\"elementor-widget-container\">\n\t\t\t\t\t\t\t<div class=\"wd-button-wrapper text-center\" >\n\t\t\t<a class=\"btn btn-style-default btn-shape-round btn-size-large btn-icon-pos-right\"  href=\"https:\/\/avukathht.com\/en\/nasil-calisiyoruz\/\">\n\t\t\t\t<span class=\"wd-btn-text\" data-elementor-setting-key=\"text\">\n\t\t\t\t\tNas\u0131l \u00c7al\u0131\u015f\u0131yoruz\t\t\t\t<\/span>\n\n\t\t\t\t\t\t\t<\/a>\n\t\t<\/div>\n\t\t\t\t\t\t<\/div>\n\t\t\t\t<\/div>\n\t\t\t\t<div class=\"elementor-element elementor-element-9f47920 elementor-widget__width-auto elementor-widget elementor-widget-wd_button\" data-id=\"9f47920\" data-element_type=\"widget\" data-e-type=\"widget\" data-widget_type=\"wd_button.default\">\n\t\t\t\t<div class=\"elementor-widget-container\">\n\t\t\t\t\t\t\t<div class=\"wd-button-wrapper text-center\" >\n\t\t\t<a class=\"btn btn-style-default btn-shape-round btn-size-large btn-icon-pos-right\"  href=\"https:\/\/avukathht.com\/en\/contact-us\/\">\n\t\t\t\t<span class=\"wd-btn-text\" data-elementor-setting-key=\"text\">\n\t\t\t\t\t\u0130leti\u015fim\t\t\t\t<\/span>\n\n\t\t\t\t\t\t\t<\/a>\n\t\t<\/div>\n\t\t\t\t\t\t<\/div>\n\t\t\t\t<\/div>\n\t\t\t\t\t<\/div>\n\t\t<\/div>\n\t\t\t\t\t<\/div>\n\t\t<\/section>\n\t\t\t\t<section class=\"wd-negative-gap elementor-section elementor-top-section elementor-element elementor-element-a0fe44f elementor-section-boxed elementor-section-height-default elementor-section-height-default\" data-id=\"a0fe44f\" data-element_type=\"section\" data-e-type=\"section\">\n\t\t\t\t\t\t<div class=\"elementor-container elementor-column-gap-default\">\n\t\t\t\t\t<div class=\"elementor-column elementor-col-50 elementor-top-column elementor-element elementor-element-98d87b8\" data-id=\"98d87b8\" data-element_type=\"column\" data-e-type=\"column\">\n\t\t\t<div class=\"elementor-widget-wrap elementor-element-populated\">\n\t\t\t\t\t\t<div class=\"elementor-element elementor-element-a17472f elementor-widget elementor-widget-wd_text_block\" data-id=\"a17472f\" data-element_type=\"widget\" data-e-type=\"widget\" data-widget_type=\"wd_text_block.default\">\n\t\t\t\t<div class=\"elementor-widget-container\">\n\t\t\t\t\t\t\t<div class=\"wd-text-block reset-last-child text-left\">\n\t\t\t\n\t\t\t<h4><strong>Hukuk Sistemi<\/strong><\/h4><p><span style=\"font-weight: 400;\">Hollanda, sivil hukuk sistemini benimseyen bir \u00fclkedir ve hukuk d\u00fczenlemeleri olduk\u00e7a \u015feffaf ve etkilidir. Yabanc\u0131 yat\u0131r\u0131mc\u0131lar i\u00e7in Hollanda'n\u0131n hukuki altyap\u0131s\u0131, i\u015f yapmay\u0131 kolayla\u015ft\u0131r\u0131r. Uluslararas\u0131 tahkim ve alternatif \u00e7\u00f6z\u00fcm yollar\u0131 konusunda da geni\u015f bir deneyime sahiptir. Hukuki dan\u0131\u015fmanl\u0131k, Hollanda'da i\u015f yapmak isteyenler i\u00e7in hayati bir rol oynar ve yerel yasal gereksinimlere uyum sa\u011flamalar\u0131na yard\u0131mc\u0131 olur.<\/span><\/p><h4><strong>Ticaret Ortam\u0131<\/strong><\/h4><p><span style=\"font-weight: 400;\">Hollanda, Avrupa'n\u0131n lojistik merkezi olarak bilinir. Limanlar\u0131 ve havaalanlar\u0131yla lojistik avantajlar sunar. AB \u00fcyesi olmas\u0131, Hollanda'y\u0131 b\u00fcy\u00fck bir i\u00e7 pazar olan Avrupa Birli\u011fi'ne eri\u015fimi kolayla\u015ft\u0131r\u0131r. Hollanda, serbest ticaret anla\u015fmalar\u0131 ve d\u00fc\u015f\u00fck i\u015flem maliyetleri ile i\u015f yapmay\u0131 te\u015fvik eder. Ayr\u0131ca, yat\u0131r\u0131m te\u015fvikleri ve Ar-Ge faaliyetlerini destekleyen programlar da mevcuttur.<\/span><\/p><h4><strong>Vergi Rejimi<\/strong><\/h4><p><span style=\"font-weight: 400;\">Hollanda, yat\u0131r\u0131mc\u0131lar ve i\u015fletmeler i\u00e7in d\u00fc\u015f\u00fck vergi oranlar\u0131 sunar. \u00d6zellikle uluslararas\u0131 i\u015flemlerde vergi avantajlar\u0131 sa\u011flayan bir dizi vergi anla\u015fmas\u0131 bulunmaktad\u0131r. Hollanda, holding \u015firketleri, finansal hizmetler ve enerji sekt\u00f6rleri gibi bir\u00e7ok alanda vergi avantajlar\u0131 sunar.<\/span><\/p><h4><strong>\u00c7e\u015fitli Sekt\u00f6rler<\/strong><\/h4><p><span style=\"font-weight: 400;\">Hollanda, tar\u0131m, ula\u015ft\u0131rma, sa\u011fl\u0131k, y\u00fcksek teknoloji ve yenilenebilir enerji gibi bir\u00e7ok sekt\u00f6rde f\u0131rsatlar sunar. Ayr\u0131ca, Hollanda, finans, e\u011fitim ve yarat\u0131c\u0131 end\u00fcstriler gibi hizmet sekt\u00f6rlerinde de b\u00fcy\u00fcme potansiyeli sunar. Geli\u015fmi\u015f altyap\u0131s\u0131, e\u011fitimli i\u015f g\u00fcc\u00fc ve yenilik\u00e7i i\u015f f\u0131rsatlar\u0131 ile tan\u0131n\u0131r.<\/span><\/p><p>\u00a0<\/p>\n\t\t\t\t\t<\/div>\n\t\t\t\t\t\t<\/div>\n\t\t\t\t<\/div>\n\t\t\t\t\t<\/div>\n\t\t<\/div>\n\t\t\t\t<div class=\"elementor-column elementor-col-50 elementor-top-column elementor-element elementor-element-9a958c1\" data-id=\"9a958c1\" data-element_type=\"column\" data-e-type=\"column\">\n\t\t\t<div class=\"elementor-widget-wrap elementor-element-populated\">\n\t\t\t\t\t\t<div class=\"elementor-element elementor-element-8ae4c13 animated-fast elementor-invisible elementor-widget elementor-widget-image\" data-id=\"8ae4c13\" data-element_type=\"widget\" data-e-type=\"widget\" data-settings=\"{&quot;_animation&quot;:&quot;zoomIn&quot;}\" data-widget_type=\"image.default\">\n\t\t\t\t<div class=\"elementor-widget-container\">\n\t\t\t\t\t\t\t\t\t\t\t\t\t\t\t<img loading=\"lazy\" decoding=\"async\" width=\"800\" height=\"800\" src=\"https:\/\/avukathht.com\/wp-content\/uploads\/2023\/11\/hollanda3-800x800.jpg\" class=\"attachment-large size-large wp-image-16839\" alt=\"\" srcset=\"https:\/\/avukathht.com\/wp-content\/uploads\/2023\/11\/hollanda3-800x800.jpg 800w, https:\/\/avukathht.com\/wp-content\/uploads\/2023\/11\/hollanda3-300x300.jpg 300w, https:\/\/avukathht.com\/wp-content\/uploads\/2023\/11\/hollanda3-150x150.jpg 150w, https:\/\/avukathht.com\/wp-content\/uploads\/2023\/11\/hollanda3-768x768.jpg 768w, https:\/\/avukathht.com\/wp-content\/uploads\/2023\/11\/hollanda3-12x12.jpg 12w, https:\/\/avukathht.com\/wp-content\/uploads\/2023\/11\/hollanda3-860x860.jpg 860w, https:\/\/avukathht.com\/wp-content\/uploads\/2023\/11\/hollanda3-430x430.jpg 430w, https:\/\/avukathht.com\/wp-content\/uploads\/2023\/11\/hollanda3-700x700.jpg 700w, https:\/\/avukathht.com\/wp-content\/uploads\/2023\/11\/hollanda3.jpg 1000w\" sizes=\"auto, (max-width: 800px) 100vw, 800px\" \/>\t\t\t\t\t\t\t\t\t\t\t\t\t\t\t<\/div>\n\t\t\t\t<\/div>\n\t\t\t\t\t<\/div>\n\t\t<\/div>\n\t\t\t\t\t<\/div>\n\t\t<\/section>\n\t\t\t\t<section class=\"wd-negative-gap elementor-section elementor-top-section elementor-element elementor-element-a910666 elementor-section-boxed elementor-section-height-default elementor-section-height-default\" data-id=\"a910666\" data-element_type=\"section\" data-e-type=\"section\">\n\t\t\t\t\t\t<div class=\"elementor-container elementor-column-gap-default\">\n\t\t\t\t\t<div class=\"elementor-column elementor-col-100 elementor-top-column elementor-element elementor-element-7d886f6\" data-id=\"7d886f6\" data-element_type=\"column\" data-e-type=\"column\">\n\t\t\t<div class=\"elementor-widget-wrap elementor-element-populated\">\n\t\t\t\t\t\t<div class=\"elementor-element elementor-element-f9c3e54 elementor-widget elementor-widget-wd_text_block\" data-id=\"f9c3e54\" data-element_type=\"widget\" data-e-type=\"widget\" data-widget_type=\"wd_text_block.default\">\n\t\t\t\t<div class=\"elementor-widget-container\">\n\t\t\t\t\t\t\t<div class=\"wd-text-block reset-last-child text-left\">\n\t\t\t\n\t\t\t<p><span style=\"font-weight: 400;\">Hollanda, uluslararas\u0131 i\u015f d\u00fcnyas\u0131nda \u00f6nemli bir oyuncu olmaya devam etmektedir. Hukuki dan\u0131\u015fmanlar, yat\u0131r\u0131mc\u0131lar ve i\u015fletmeler i\u00e7in Hollanda pazar\u0131nda ba\u015far\u0131l\u0131 olman\u0131n anahtarlar\u0131n\u0131 sunar. Hollanda'ya yat\u0131r\u0131m yapma veya i\u015f kurma konusunda daha fazla bilgi edinmek istiyorsan\u0131z, uzman hukuk ve ticaret dan\u0131\u015fmanlar\u0131n\u0131n sa\u011flayabilece\u011fi rehberlik ve destekten yararlanman\u0131z \u00f6nemlidir.<\/span><\/p>\n\t\t\t\t\t<\/div>\n\t\t\t\t\t\t<\/div>\n\t\t\t\t<\/div>\n\t\t\t\t\t<\/div>\n\t\t<\/div>\n\t\t\t\t\t<\/div>\n\t\t<\/section>\n\t\t\t\t<section class=\"wd-negative-gap elementor-section elementor-top-section elementor-element elementor-element-44c2663 elementor-section-boxed elementor-section-height-default elementor-section-height-default\" data-id=\"44c2663\" data-element_type=\"section\" data-e-type=\"section\">\n\t\t\t\t\t\t<div class=\"elementor-container elementor-column-gap-default\">\n\t\t\t\t\t<div class=\"elementor-column elementor-col-100 elementor-top-column elementor-element elementor-element-67fa37c\" data-id=\"67fa37c\" data-element_type=\"column\" data-e-type=\"column\">\n\t\t\t<div class=\"elementor-widget-wrap elementor-element-populated\">\n\t\t\t\t\t\t<div class=\"elementor-element elementor-element-0315730 elementor-widget elementor-widget-image\" data-id=\"0315730\" data-element_type=\"widget\" data-e-type=\"widget\" data-widget_type=\"image.default\">\n\t\t\t\t<div class=\"elementor-widget-container\">\n\t\t\t\t\t\t\t\t\t\t\t\t\t\t\t<img loading=\"lazy\" decoding=\"async\" width=\"1300\" height=\"339\" src=\"https:\/\/avukathht.com\/wp-content\/uploads\/2023\/11\/holland2-1300x339.jpg\" class=\"attachment-large size-large wp-image-16198\" alt=\"\" srcset=\"https:\/\/avukathht.com\/wp-content\/uploads\/2023\/11\/holland2-1300x339.jpg 1300w, https:\/\/avukathht.com\/wp-content\/uploads\/2023\/11\/holland2-400x104.jpg 400w, https:\/\/avukathht.com\/wp-content\/uploads\/2023\/11\/holland2-768x200.jpg 768w, https:\/\/avukathht.com\/wp-content\/uploads\/2023\/11\/holland2-1536x400.jpg 1536w, https:\/\/avukathht.com\/wp-content\/uploads\/2023\/11\/holland2-18x5.jpg 18w, https:\/\/avukathht.com\/wp-content\/uploads\/2023\/11\/holland2-860x224.jpg 860w, https:\/\/avukathht.com\/wp-content\/uploads\/2023\/11\/holland2-430x112.jpg 430w, https:\/\/avukathht.com\/wp-content\/uploads\/2023\/11\/holland2-700x182.jpg 700w, https:\/\/avukathht.com\/wp-content\/uploads\/2023\/11\/holland2-150x39.jpg 150w, https:\/\/avukathht.com\/wp-content\/uploads\/2023\/11\/holland2.jpg 1920w\" sizes=\"auto, (max-width: 1300px) 100vw, 1300px\" \/>\t\t\t\t\t\t\t\t\t\t\t\t\t\t\t<\/div>\n\t\t\t\t<\/div>\n\t\t\t\t\t<\/div>\n\t\t<\/div>\n\t\t\t\t\t<\/div>\n\t\t<\/section>\n\t\t\t\t<\/div>","protected":false},"excerpt":{"rendered":"<p>Hollanda Hukuk ve Ticaret Perspektifinden Bir Bak\u0131\u015f Hollanda, Bat\u0131 Avrupa&#8217;da yer alan k\u00fc\u00e7\u00fck ancak b\u00fcy\u00fck etkiye sahip bir \u00fclke olarak<\/p>","protected":false},"author":1,"featured_media":0,"parent":0,"menu_order":0,"comment_status":"closed","ping_status":"closed","template":"","meta":{"_coblocks_attr":"","_coblocks_dimensions":"","_coblocks_responsive_height":"","_coblocks_accordion_ie_support":"","footnotes":""},"class_list":["post-15744","page","type-page","status-publish","hentry"],"_links":{"self":[{"href":"https:\/\/avukathht.com\/en\/wp-json\/wp\/v2\/pages\/15744","targetHints":{"allow":["GET"]}}],"collection":[{"href":"https:\/\/avukathht.com\/en\/wp-json\/wp\/v2\/pages"}],"about":[{"href":"https:\/\/avukathht.com\/en\/wp-json\/wp\/v2\/types\/page"}],"author":[{"embeddable":true,"href":"https:\/\/avukathht.com\/en\/wp-json\/wp\/v2\/users\/1"}],"replies":[{"embeddable":true,"href":"https:\/\/avukathht.com\/en\/wp-json\/wp\/v2\/comments?post=15744"}],"version-history":[{"count":31,"href":"https:\/\/avukathht.com\/en\/wp-json\/wp\/v2\/pages\/15744\/revisions"}],"predecessor-version":[{"id":16845,"href":"https:\/\/avukathht.com\/en\/wp-json\/wp\/v2\/pages\/15744\/revisions\/16845"}],"wp:attachment":[{"href":"https:\/\/avukathht.com\/en\/wp-json\/wp\/v2\/media?parent=15744"}],"curies":[{"name":"wp","href":"https:\/\/api.w.org\/{rel}","templated":true}]}}