{"id":15750,"date":"2023-11-10T14:35:25","date_gmt":"2023-11-10T14:35:25","guid":{"rendered":"https:\/\/avukathht.com\/?page_id=15750"},"modified":"2023-11-28T14:25:08","modified_gmt":"2023-11-28T14:25:08","slug":"belcika","status":"publish","type":"page","link":"https:\/\/avukathht.com\/en\/belcika\/","title":{"rendered":"Bel\u00e7ika"},"content":{"rendered":"<div data-elementor-type=\"wp-page\" data-elementor-id=\"15750\" class=\"elementor elementor-15750\">\n\t\t\t\t\t\t<section class=\"wd-negative-gap elementor-section elementor-top-section elementor-element elementor-element-1360e167 elementor-section-content-middle wd-section-stretch-content elementor-section-boxed elementor-section-height-default elementor-section-height-default\" data-id=\"1360e167\" data-element_type=\"section\" data-e-type=\"section\" data-settings=\"{&quot;background_background&quot;:&quot;gradient&quot;,&quot;shape_divider_top&quot;:&quot;wd_curved_line&quot;,&quot;shape_divider_bottom&quot;:&quot;wd_curved_line&quot;}\">\n\t\t\t\t\t<div class=\"elementor-shape elementor-shape-top\" aria-hidden=\"true\" data-negative=\"false\">\n\t\t\t<svg xmlns=\"http:\/\/www.w3.org\/2000\/svg\" class=\"wd-divider\" xmlns:xlink=\"http:\/\/www.w3.org\/1999\/xlink\" x=\"0px\" y=\"0px\"\n\t viewbox=\"0 0 100 100\" width=\"100%\" height=\"50px\" preserveaspectratio=\"none\">\n<path class=\"elementor-shape-fill\" display=\"none\" d=\"M100,25.8V100H0V52.5c-4.9-6.8-9.5-13.8-15-19.7V101h125V20.9C106.3,22,103,23.7,100,25.8z\"\/>\n<path class=\"elementor-shape-fill\" d=\"M0,0v99c22-20.6,28.7-69.7,61.4-69.7c18.8,0,29.1,16.2,38.6,34V0L0,0z\"\/>\n<\/svg>\n\t\t<\/div>\n\t\t\t\t<div class=\"elementor-shape elementor-shape-bottom\" aria-hidden=\"true\" data-negative=\"false\">\n\t\t\t<svg xmlns=\"http:\/\/www.w3.org\/2000\/svg\" class=\"wd-divider\" xmlns:xlink=\"http:\/\/www.w3.org\/1999\/xlink\" x=\"0px\" y=\"0px\"\n\t viewbox=\"0 0 100 100\" width=\"100%\" height=\"50px\" preserveaspectratio=\"none\">\n<path class=\"elementor-shape-fill\" display=\"none\" d=\"M100,25.8V100H0V52.5c-4.9-6.8-9.5-13.8-15-19.7V101h125V20.9C106.3,22,103,23.7,100,25.8z\"\/>\n<path class=\"elementor-shape-fill\" d=\"M0,0v99c22-20.6,28.7-69.7,61.4-69.7c18.8,0,29.1,16.2,38.6,34V0L0,0z\"\/>\n<\/svg>\n\t\t<\/div>\n\t\t\t\t\t<div class=\"elementor-container elementor-column-gap-no\">\n\t\t\t\t\t<div class=\"elementor-column elementor-col-100 elementor-top-column elementor-element elementor-element-4e5ed663\" data-id=\"4e5ed663\" data-element_type=\"column\" data-e-type=\"column\">\n\t\t\t<div class=\"elementor-widget-wrap elementor-element-populated\">\n\t\t\t\t\t\t<div class=\"elementor-element elementor-element-3dd2dc38 wd-parallax-on-scroll wd_scroll_x_0 wd_scroll_y_-40 wd_scroll_z_0 wd_scroll_smoothness_30 elementor-widget elementor-widget-wd_image_or_svg\" data-id=\"3dd2dc38\" data-element_type=\"widget\" data-e-type=\"widget\" data-widget_type=\"wd_image_or_svg.default\">\n\t\t\t\t<div class=\"elementor-widget-container\">\n\t\t\t\t\t\n\t\t<div class=\"wd-image text-center\">\n\t\t\t\t\t\t\t\t<img loading=\"lazy\" decoding=\"async\" width=\"849\" height=\"854\" src=\"https:\/\/avukathht.com\/wp-content\/uploads\/2023\/11\/belgium.png\" class=\"attachment-full size-full\" alt=\"\" srcset=\"https:\/\/avukathht.com\/wp-content\/uploads\/2023\/11\/belgium.png 849w, https:\/\/avukathht.com\/wp-content\/uploads\/2023\/11\/belgium-298x300.png 298w, https:\/\/avukathht.com\/wp-content\/uploads\/2023\/11\/belgium-795x800.png 795w, https:\/\/avukathht.com\/wp-content\/uploads\/2023\/11\/belgium-150x151.png 150w, https:\/\/avukathht.com\/wp-content\/uploads\/2023\/11\/belgium-768x773.png 768w, https:\/\/avukathht.com\/wp-content\/uploads\/2023\/11\/belgium-12x12.png 12w, https:\/\/avukathht.com\/wp-content\/uploads\/2023\/11\/belgium-430x433.png 430w, https:\/\/avukathht.com\/wp-content\/uploads\/2023\/11\/belgium-700x704.png 700w\" sizes=\"auto, (max-width: 849px) 100vw, 849px\" \/>\t\t\t\t\t<\/div>\n\n\t\t\t\t\t\t<\/div>\n\t\t\t\t<\/div>\n\t\t\t\t\t<\/div>\n\t\t<\/div>\n\t\t\t\t<div class=\"elementor-column elementor-col-100 elementor-top-column elementor-element elementor-element-a90e4e4\" data-id=\"a90e4e4\" data-element_type=\"column\" data-e-type=\"column\">\n\t\t\t<div class=\"elementor-widget-wrap elementor-element-populated\">\n\t\t\t\t\t\t<div class=\"elementor-element elementor-element-31ca390e wd-width-100 elementor-widget elementor-widget-wd_title\" data-id=\"31ca390e\" data-element_type=\"widget\" data-e-type=\"widget\" data-widget_type=\"wd_title.default\">\n\t\t\t\t<div class=\"elementor-widget-container\">\n\t\t\t\t\t\t\t<div class=\"title-wrapper wd-set-mb reset-last-child wd-title-color-white wd-title-style-default wd-title-size-extra-large text-left\">\n\n\t\t\t\n\t\t\t<div class=\"liner-continer\">\n\t\t\t\t<h4 class=\"woodmart-title-container title wd-fontsize-xxxl\">Bel\u00e7ika<\/h4> \n\t\t\t\t\t\t\t<\/div>\n\n\t\t\t\t\t<\/div>\n\t\t\t\t\t\t<\/div>\n\t\t\t\t<\/div>\n\t\t\t\t<div class=\"elementor-element elementor-element-2e0ac71 elementor-widget elementor-widget-wd_text_block\" data-id=\"2e0ac71\" data-element_type=\"widget\" data-e-type=\"widget\" data-widget_type=\"wd_text_block.default\">\n\t\t\t\t<div class=\"elementor-widget-container\">\n\t\t\t\t\t\t\t<div class=\"wd-text-block reset-last-child text-left color-scheme-light\">\n\t\t\t\n\t\t\t<h4><span style=\"font-weight: 400; color: #000000;\">Hukuk ve Ticaret Alan\u0131nda \u0130\u015f F\u0131rsatlar\u0131<\/span><\/h4><p><span style=\"font-weight: 400; color: #000000;\">Bel\u00e7ika, Avrupa'n\u0131n merkezinde yer alan k\u00fc\u00e7\u00fck ancak son derece etkili bir \u00fclkedir.Avrupa Birli\u011finin ba\u015fkenti olrak kabul edilir.\u00a0 Hem hukuk hem de ticaret a\u00e7\u0131s\u0131ndan sundu\u011fu avantajlar, Bel\u00e7ika'n\u0131n i\u015f yapmak isteyenler i\u00e7in cazip bir destinasyon haline gelmesini sa\u011flar.<\/span><\/p>\n\t\t\t\t\t<\/div>\n\t\t\t\t\t\t<\/div>\n\t\t\t\t<\/div>\n\t\t\t\t<div class=\"elementor-element elementor-element-525a8c5a elementor-widget__width-auto elementor-widget elementor-widget-wd_button\" data-id=\"525a8c5a\" data-element_type=\"widget\" data-e-type=\"widget\" data-widget_type=\"wd_button.default\">\n\t\t\t\t<div class=\"elementor-widget-container\">\n\t\t\t\t\t\t\t<div class=\"wd-button-wrapper text-center\" >\n\t\t\t<a class=\"btn btn-style-default btn-shape-round btn-size-large btn-icon-pos-right\"  href=\"https:\/\/avukathht.com\/en\/nasil-calisiyoruz\/\">\n\t\t\t\t<span class=\"wd-btn-text\" data-elementor-setting-key=\"text\">\n\t\t\t\t\tNas\u0131l \u00c7al\u0131\u015f\u0131yoruz\t\t\t\t<\/span>\n\n\t\t\t\t\t\t\t<\/a>\n\t\t<\/div>\n\t\t\t\t\t\t<\/div>\n\t\t\t\t<\/div>\n\t\t\t\t<div class=\"elementor-element elementor-element-a1b02b3 elementor-widget__width-auto elementor-widget elementor-widget-wd_button\" data-id=\"a1b02b3\" data-element_type=\"widget\" data-e-type=\"widget\" data-widget_type=\"wd_button.default\">\n\t\t\t\t<div class=\"elementor-widget-container\">\n\t\t\t\t\t\t\t<div class=\"wd-button-wrapper text-center\" >\n\t\t\t<a class=\"btn btn-style-default btn-shape-round btn-size-large btn-icon-pos-right\"  href=\"https:\/\/avukathht.com\/en\/contact-us\/\">\n\t\t\t\t<span class=\"wd-btn-text\" data-elementor-setting-key=\"text\">\n\t\t\t\t\t\u0130leti\u015fim\t\t\t\t<\/span>\n\n\t\t\t\t\t\t\t<\/a>\n\t\t<\/div>\n\t\t\t\t\t\t<\/div>\n\t\t\t\t<\/div>\n\t\t\t\t\t<\/div>\n\t\t<\/div>\n\t\t\t\t\t<\/div>\n\t\t<\/section>\n\t\t\t\t<section class=\"wd-negative-gap elementor-section elementor-top-section elementor-element elementor-element-907e8cc elementor-section-boxed elementor-section-height-default elementor-section-height-default\" data-id=\"907e8cc\" data-element_type=\"section\" data-e-type=\"section\">\n\t\t\t\t\t\t<div class=\"elementor-container elementor-column-gap-default\">\n\t\t\t\t\t<div class=\"elementor-column elementor-col-100 elementor-top-column elementor-element elementor-element-359e073\" data-id=\"359e073\" data-element_type=\"column\" data-e-type=\"column\">\n\t\t\t<div class=\"elementor-widget-wrap\">\n\t\t\t\t\t\t\t<\/div>\n\t\t<\/div>\n\t\t\t\t\t<\/div>\n\t\t<\/section>\n\t\t\t\t<section class=\"wd-negative-gap elementor-section elementor-top-section elementor-element elementor-element-a596905 elementor-section-boxed elementor-section-height-default elementor-section-height-default\" data-id=\"a596905\" data-element_type=\"section\" data-e-type=\"section\">\n\t\t\t\t\t\t<div class=\"elementor-container elementor-column-gap-default\">\n\t\t\t\t\t<div class=\"elementor-column elementor-col-50 elementor-top-column elementor-element elementor-element-0fcb5d9\" data-id=\"0fcb5d9\" data-element_type=\"column\" data-e-type=\"column\">\n\t\t\t<div class=\"elementor-widget-wrap elementor-element-populated\">\n\t\t\t\t\t\t<div class=\"elementor-element elementor-element-26273d5 elementor-widget elementor-widget-wd_text_block\" data-id=\"26273d5\" data-element_type=\"widget\" data-e-type=\"widget\" data-widget_type=\"wd_text_block.default\">\n\t\t\t\t<div class=\"elementor-widget-container\">\n\t\t\t\t\t\t\t<div class=\"wd-text-block reset-last-child text-left\">\n\t\t\t\n\t\t\t<h4><strong>Hukuk Sistemi<\/strong><\/h4><p><span style=\"font-weight: 400;\">Bel\u00e7ika, karma\u015f\u0131k bir hukuk sistemine sahiptir \u00e7\u00fcnk\u00fc \u00fclke hem sivil hukuk hem de geleneksel hukukun \u00f6\u011felerini bir araya getirir. Bu nedenle, Bel\u00e7ika'da i\u015f yapmak isteyenler i\u00e7in yerel hukuk ve d\u00fczenlemelere hakim bir hukuk dan\u0131\u015fman\u0131n\u0131n hizmetine ihtiya\u00e7 duyulabilir. \u0130\u015f ve ticaret hukuku, s\u00f6zle\u015fmeler ve fikri m\u00fclkiyet konular\u0131nda uzmanla\u015fm\u0131\u015f hukuk firmalar\u0131, i\u015fletmelere rehberlik eder.<\/span><\/p><h4><strong>Ticaret Ortam\u0131<\/strong><\/h4><p><span style=\"font-weight: 400;\">Bel\u00e7ika, hem bir i\u00e7 pazar hem de uluslararas\u0131 i\u015f d\u00fcnyas\u0131na a\u00e7\u0131lan bir kap\u0131d\u0131r. AB \u00fcyesi olmas\u0131, Bel\u00e7ika'y\u0131 Avrupa Birli\u011fi ile serbest ticaret yapman\u0131n avantajlar\u0131na sahip k\u0131lar. \u00dclke, d\u00fcnya genelinde lojistik a\u00e7\u0131dan \u00f6nemli bir konumda yer al\u0131r ve etkili ula\u015f\u0131m a\u011f\u0131na sahiptir. Bel\u00e7ika'da i\u015f yapman\u0131n maliyeti rekabet\u00e7idir ve i\u015f yapma s\u00fcre\u00e7leri genellikle h\u0131zl\u0131 ve etkilidir.<\/span><\/p><h4><strong>Vergi Rejimi<\/strong><\/h4><p><span style=\"font-weight: 400;\">Bel\u00e7ika, i\u015fletmeler i\u00e7in \u00e7e\u015fitli vergi avantajlar\u0131 sunar. D\u00fc\u015f\u00fck kurumsal vergi oranlar\u0131, uluslararas\u0131 i\u015flemlere y\u00f6nelik \u00e7ifte vergilendirmeyi \u00f6nlemek i\u00e7in imzalanan vergi anla\u015fmalar\u0131 ve Ar-Ge te\u015fvikleri gibi avantajlar i\u015f yapmay\u0131 cazip hale getirir. Bel\u00e7ika, yat\u0131r\u0131mc\u0131lar\u0131n ve i\u015fletmelerin vergi verimlili\u011fi konusunda avantajl\u0131 bir konumda olmalar\u0131na yard\u0131mc\u0131 olur.<\/span><\/p><p>\u00a0<\/p>\n\t\t\t\t\t<\/div>\n\t\t\t\t\t\t<\/div>\n\t\t\t\t<\/div>\n\t\t\t\t\t<\/div>\n\t\t<\/div>\n\t\t\t\t<div class=\"elementor-column elementor-col-50 elementor-top-column elementor-element elementor-element-c504ae8\" data-id=\"c504ae8\" data-element_type=\"column\" data-e-type=\"column\">\n\t\t\t<div class=\"elementor-widget-wrap elementor-element-populated\">\n\t\t\t\t\t\t<div class=\"elementor-element elementor-element-73e5b4a elementor-widget elementor-widget-image\" data-id=\"73e5b4a\" data-element_type=\"widget\" data-e-type=\"widget\" data-widget_type=\"image.default\">\n\t\t\t\t<div class=\"elementor-widget-container\">\n\t\t\t\t\t\t\t\t\t\t\t\t\t\t\t<img loading=\"lazy\" decoding=\"async\" width=\"800\" height=\"800\" src=\"https:\/\/avukathht.com\/wp-content\/uploads\/2023\/11\/belcika4-800x800.jpg\" class=\"attachment-large size-large wp-image-16860\" alt=\"\" srcset=\"https:\/\/avukathht.com\/wp-content\/uploads\/2023\/11\/belcika4-800x800.jpg 800w, https:\/\/avukathht.com\/wp-content\/uploads\/2023\/11\/belcika4-300x300.jpg 300w, https:\/\/avukathht.com\/wp-content\/uploads\/2023\/11\/belcika4-150x150.jpg 150w, https:\/\/avukathht.com\/wp-content\/uploads\/2023\/11\/belcika4-768x768.jpg 768w, https:\/\/avukathht.com\/wp-content\/uploads\/2023\/11\/belcika4-12x12.jpg 12w, https:\/\/avukathht.com\/wp-content\/uploads\/2023\/11\/belcika4-860x860.jpg 860w, https:\/\/avukathht.com\/wp-content\/uploads\/2023\/11\/belcika4-430x430.jpg 430w, https:\/\/avukathht.com\/wp-content\/uploads\/2023\/11\/belcika4-700x700.jpg 700w, https:\/\/avukathht.com\/wp-content\/uploads\/2023\/11\/belcika4.jpg 1000w\" sizes=\"auto, (max-width: 800px) 100vw, 800px\" \/>\t\t\t\t\t\t\t\t\t\t\t\t\t\t\t<\/div>\n\t\t\t\t<\/div>\n\t\t\t\t\t<\/div>\n\t\t<\/div>\n\t\t\t\t\t<\/div>\n\t\t<\/section>\n\t\t\t\t<section class=\"wd-negative-gap elementor-section elementor-top-section elementor-element elementor-element-3eed65a elementor-section-boxed elementor-section-height-default elementor-section-height-default\" data-id=\"3eed65a\" data-element_type=\"section\" data-e-type=\"section\">\n\t\t\t\t\t\t<div class=\"elementor-container elementor-column-gap-default\">\n\t\t\t\t\t<div class=\"elementor-column elementor-col-100 elementor-top-column elementor-element elementor-element-9c1dfc9\" data-id=\"9c1dfc9\" data-element_type=\"column\" data-e-type=\"column\">\n\t\t\t<div class=\"elementor-widget-wrap elementor-element-populated\">\n\t\t\t\t\t\t<div class=\"elementor-element elementor-element-9c02013 elementor-widget elementor-widget-wd_text_block\" data-id=\"9c02013\" data-element_type=\"widget\" data-e-type=\"widget\" data-widget_type=\"wd_text_block.default\">\n\t\t\t\t<div class=\"elementor-widget-container\">\n\t\t\t\t\t\t\t<div class=\"wd-text-block reset-last-child text-left\">\n\t\t\t\n\t\t\t<h4><strong>Sekt\u00f6rler<\/strong><\/h4><p><span style=\"font-weight: 400;\">Bel\u00e7ika, bir\u00e7ok sekt\u00f6rde i\u015f f\u0131rsatlar\u0131 sunar. Kimya, g\u0131da, sa\u011fl\u0131k, m\u00fchendislik, lojistik ve dijital teknoloji gibi sekt\u00f6rlerde g\u00fc\u00e7l\u00fcd\u00fcr. Ayn\u0131 zamanda hizmet sekt\u00f6r\u00fcnde, \u00f6zellikle finans, e\u011fitim ve hukuk gibi alanlarda b\u00fcy\u00fcme potansiyeli sunar.<\/span><\/p><p><span style=\"font-weight: 400;\">Bel\u00e7ika, k\u00fcresel bir i\u015f merkezi ve yat\u0131r\u0131mc\u0131lar i\u00e7in bir\u00e7ok f\u0131rsat sunan bir \u00fclke olarak \u00f6ne \u00e7\u0131kar. Hukuk ve ticaret dan\u0131\u015fmanl\u0131\u011f\u0131 hizmetleri, Bel\u00e7ika'da i\u015f yapmak isteyenler i\u00e7in i\u015f planlar\u0131n\u0131 olu\u015fturmak, yerel yasal gereksinimlere uymak ve ba\u015far\u0131l\u0131 bir \u015fekilde i\u015f yapmak i\u00e7in \u00f6nemlidir. Bel\u00e7ika'da ba\u015far\u0131ya giden yolu \u00e7izmek ve i\u015fletmelerinizi b\u00fcy\u00fctmek i\u00e7in uzman hukuk ve ticaret dan\u0131\u015fmanlar\u0131ndan yard\u0131m almak \u00f6nemlidir.<\/span><\/p>\n\t\t\t\t\t<\/div>\n\t\t\t\t\t\t<\/div>\n\t\t\t\t<\/div>\n\t\t\t\t\t<\/div>\n\t\t<\/div>\n\t\t\t\t\t<\/div>\n\t\t<\/section>\n\t\t\t\t<\/div>","protected":false},"excerpt":{"rendered":"<p>Bel\u00e7ika Hukuk ve Ticaret Alan\u0131nda \u0130\u015f F\u0131rsatlar\u0131 Bel\u00e7ika, Avrupa&#8217;n\u0131n merkezinde yer alan k\u00fc\u00e7\u00fck ancak son derece etkili bir \u00fclkedir.Avrupa Birli\u011finin<\/p>","protected":false},"author":1,"featured_media":0,"parent":0,"menu_order":0,"comment_status":"closed","ping_status":"closed","template":"","meta":{"_coblocks_attr":"","_coblocks_dimensions":"","_coblocks_responsive_height":"","_coblocks_accordion_ie_support":"","footnotes":""},"class_list":["post-15750","page","type-page","status-publish","hentry"],"_links":{"self":[{"href":"https:\/\/avukathht.com\/en\/wp-json\/wp\/v2\/pages\/15750","targetHints":{"allow":["GET"]}}],"collection":[{"href":"https:\/\/avukathht.com\/en\/wp-json\/wp\/v2\/pages"}],"about":[{"href":"https:\/\/avukathht.com\/en\/wp-json\/wp\/v2\/types\/page"}],"author":[{"embeddable":true,"href":"https:\/\/avukathht.com\/en\/wp-json\/wp\/v2\/users\/1"}],"replies":[{"embeddable":true,"href":"https:\/\/avukathht.com\/en\/wp-json\/wp\/v2\/comments?post=15750"}],"version-history":[{"count":10,"href":"https:\/\/avukathht.com\/en\/wp-json\/wp\/v2\/pages\/15750\/revisions"}],"predecessor-version":[{"id":16866,"href":"https:\/\/avukathht.com\/en\/wp-json\/wp\/v2\/pages\/15750\/revisions\/16866"}],"wp:attachment":[{"href":"https:\/\/avukathht.com\/en\/wp-json\/wp\/v2\/media?parent=15750"}],"curies":[{"name":"wp","href":"https:\/\/api.w.org\/{rel}","templated":true}]}}