{"id":16359,"date":"2023-11-23T11:31:04","date_gmt":"2023-11-23T11:31:04","guid":{"rendered":"https:\/\/avukathht.com\/?page_id=16359"},"modified":"2023-11-23T18:04:30","modified_gmt":"2023-11-23T18:04:30","slug":"vergi-ve-finans-danismanligi","status":"publish","type":"page","link":"https:\/\/avukathht.com\/en\/vergi-ve-finans-danismanligi\/","title":{"rendered":"Vergi ve Finans Dan\u0131\u015fmanl\u0131\u011f\u0131"},"content":{"rendered":"<div data-elementor-type=\"wp-page\" data-elementor-id=\"16359\" class=\"elementor elementor-16359\">\n\t\t\t\t\t\t<section class=\"wd-negative-gap elementor-section elementor-top-section elementor-element elementor-element-e1e779c elementor-section-boxed elementor-section-height-default elementor-section-height-default\" data-id=\"e1e779c\" data-element_type=\"section\" data-e-type=\"section\">\n\t\t\t\t\t\t<div class=\"elementor-container elementor-column-gap-default\">\n\t\t\t\t\t<div class=\"elementor-column elementor-col-100 elementor-top-column elementor-element elementor-element-9bd62ba\" data-id=\"9bd62ba\" data-element_type=\"column\" data-e-type=\"column\">\n\t\t\t<div class=\"elementor-widget-wrap\">\n\t\t\t\t\t\t\t<\/div>\n\t\t<\/div>\n\t\t\t\t\t<\/div>\n\t\t<\/section>\n\t\t\t\t<section class=\"wd-negative-gap elementor-section elementor-top-section elementor-element elementor-element-a6dbd58 elementor-section-content-middle elementor-section-boxed elementor-section-height-default elementor-section-height-default\" data-id=\"a6dbd58\" data-element_type=\"section\" data-e-type=\"section\">\n\t\t\t\t\t\t<div class=\"elementor-container elementor-column-gap-default\">\n\t\t\t\t\t<div class=\"elementor-column elementor-col-50 elementor-top-column elementor-element elementor-element-94cedec\" data-id=\"94cedec\" data-element_type=\"column\" data-e-type=\"column\">\n\t\t\t<div class=\"elementor-widget-wrap elementor-element-populated\">\n\t\t\t\t\t\t<div class=\"elementor-element elementor-element-a861353 wd-width-100 elementor-widget elementor-widget-wd_title\" data-id=\"a861353\" data-element_type=\"widget\" data-e-type=\"widget\" data-widget_type=\"wd_title.default\">\n\t\t\t\t<div class=\"elementor-widget-container\">\n\t\t\t\t\t\t\t<div class=\"title-wrapper wd-set-mb reset-last-child wd-title-color-default wd-title-style-default wd-title-size-default text-left\">\n\n\t\t\t\n\t\t\t<div class=\"liner-continer\">\n\t\t\t\t<h4 class=\"woodmart-title-container title wd-fontsize-l\">Vergi ve Finans Dan\u0131\u015fmanl\u0131\u011f\u0131 <\/h4> \n\t\t\t\t\t\t\t<\/div>\n\n\t\t\t\t\t\t\t<div class=\"title-after_title reset-last-child wd-fontsize-xs\">\n\t\t\t\t\t<p><span style=\"font-weight: 400\">Ticaret hayat\u0131n en \u00f6nemli konular\u0131ndan birisi de hi\u00e7 ku\u015fkusuz vergi ve finans konular\u0131d\u0131r.Bu konular ayr\u0131 uzmanl\u0131k istemekte olup faaliyet g\u00f6sterdi\u011fimiz \u00fclkelerdeki yerel partnerlerimiz ile birlikte \u00e7al\u0131\u015farak sizlere en iyi hizmeti vermeye gayret ediyoruz.\u00a0<\/span><\/p><p><span style=\"font-weight: 400\">Alan\u0131nda uzman m\u00fc\u015favirlik firmalar\u0131 ile ortak hareket ederek vergi hukukundan kaynakl\u0131 do\u011fabilecek sorunlara kar\u015f\u0131 sizleri en iyi \u015fekilde y\u00f6nlendirmeye \u00e7al\u0131\u015f\u0131yoruz.\u00a0<\/span><\/p><p><span style=\"font-weight: 400\">\u00d6zellikle banka ve di\u011fer finans kurulu\u015flar\u0131 ile olan ili\u015fkilerinizde do\u011fru ve verimli bir ili\u015fkinin kurulmas\u0131 i\u00e7in \u00e7\u00f6z\u00fcmler \u00fcretiyoruz.<\/span><\/p><p><span style=\"font-weight: 400\">Ayr\u0131ca yat\u0131r\u0131m ajanslar\u0131 ve resmi kurumlarda ticari faaliyet alan\u0131n\u0131za uygun ara\u015ft\u0131rmalar yaparak hibe ve benzeri destekleri sizler i\u00e7in ara\u015ft\u0131r\u0131yor ve bu \u00e7al\u0131\u015fmalar\u0131 raporlar ile sizlere sunuyoruz.<\/span><\/p>\t\t\t\t<\/div>\n\t\t\t\t\t<\/div>\n\t\t\t\t\t\t<\/div>\n\t\t\t\t<\/div>\n\t\t\t\t<div class=\"elementor-element elementor-element-5a1a40c elementor-widget__width-auto elementor-widget elementor-widget-wd_button\" data-id=\"5a1a40c\" data-element_type=\"widget\" data-e-type=\"widget\" data-widget_type=\"wd_button.default\">\n\t\t\t\t<div class=\"elementor-widget-container\">\n\t\t\t\t\t\t\t<div class=\"wd-button-wrapper text-left\" >\n\t\t\t<a class=\"btn btn-style-default btn-shape-round btn-size-default btn-icon-pos-right\"  href=\"https:\/\/avukathht.com\/en\/nasil-calisiyoruz\/\">\n\t\t\t\t<span class=\"wd-btn-text\" data-elementor-setting-key=\"text\">\n\t\t\t\t\tNas\u0131l \u00c7al\u0131\u015f\u0131yoruz\t\t\t\t<\/span>\n\n\t\t\t\t\t\t\t<\/a>\n\t\t<\/div>\n\t\t\t\t\t\t<\/div>\n\t\t\t\t<\/div>\n\t\t\t\t<div class=\"elementor-element elementor-element-cc3de27 elementor-widget__width-auto elementor-widget elementor-widget-wd_button\" data-id=\"cc3de27\" data-element_type=\"widget\" data-e-type=\"widget\" data-widget_type=\"wd_button.default\">\n\t\t\t\t<div class=\"elementor-widget-container\">\n\t\t\t\t\t\t\t<div class=\"wd-button-wrapper text-left\" >\n\t\t\t<a class=\"btn btn-style-default btn-shape-round btn-size-default btn-icon-pos-right\"  href=\"https:\/\/avukathht.com\/en\/contact-us\/\">\n\t\t\t\t<span class=\"wd-btn-text\" data-elementor-setting-key=\"text\">\n\t\t\t\t\tBize Ula\u015f\u0131n\t\t\t\t<\/span>\n\n\t\t\t\t\t\t\t<\/a>\n\t\t<\/div>\n\t\t\t\t\t\t<\/div>\n\t\t\t\t<\/div>\n\t\t\t\t\t<\/div>\n\t\t<\/div>\n\t\t\t\t<div class=\"elementor-column elementor-col-50 elementor-top-column elementor-element elementor-element-ac2bea7\" data-id=\"ac2bea7\" data-element_type=\"column\" data-e-type=\"column\">\n\t\t\t<div class=\"elementor-widget-wrap elementor-element-populated\">\n\t\t\t\t\t\t<div class=\"elementor-element elementor-element-b3c7fcb elementor-widget elementor-widget-image\" data-id=\"b3c7fcb\" data-element_type=\"widget\" data-e-type=\"widget\" data-widget_type=\"image.default\">\n\t\t\t\t<div class=\"elementor-widget-container\">\n\t\t\t\t\t\t\t\t\t\t\t\t\t\t\t<img loading=\"lazy\" decoding=\"async\" width=\"800\" height=\"800\" src=\"https:\/\/avukathht.com\/wp-content\/uploads\/2023\/11\/finans-800x800.jpg\" class=\"attachment-large size-large wp-image-16442\" alt=\"\" srcset=\"https:\/\/avukathht.com\/wp-content\/uploads\/2023\/11\/finans-800x800.jpg 800w, https:\/\/avukathht.com\/wp-content\/uploads\/2023\/11\/finans-300x300.jpg 300w, https:\/\/avukathht.com\/wp-content\/uploads\/2023\/11\/finans-150x150.jpg 150w, https:\/\/avukathht.com\/wp-content\/uploads\/2023\/11\/finans-768x768.jpg 768w, https:\/\/avukathht.com\/wp-content\/uploads\/2023\/11\/finans-12x12.jpg 12w, https:\/\/avukathht.com\/wp-content\/uploads\/2023\/11\/finans-430x430.jpg 430w, https:\/\/avukathht.com\/wp-content\/uploads\/2023\/11\/finans-700x700.jpg 700w, https:\/\/avukathht.com\/wp-content\/uploads\/2023\/11\/finans.jpg 810w\" sizes=\"auto, (max-width: 800px) 100vw, 800px\" \/>\t\t\t\t\t\t\t\t\t\t\t\t\t\t\t<\/div>\n\t\t\t\t<\/div>\n\t\t\t\t\t<\/div>\n\t\t<\/div>\n\t\t\t\t\t<\/div>\n\t\t<\/section>\n\t\t\t\t<\/div>","protected":false},"excerpt":{"rendered":"<p>Vergi ve Finans Dan\u0131\u015fmanl\u0131\u011f\u0131 Ticaret hayat\u0131n en \u00f6nemli konular\u0131ndan birisi de hi\u00e7 ku\u015fkusuz vergi ve finans konular\u0131d\u0131r.Bu konular ayr\u0131 uzmanl\u0131k<\/p>","protected":false},"author":1,"featured_media":0,"parent":0,"menu_order":0,"comment_status":"closed","ping_status":"closed","template":"","meta":{"_coblocks_attr":"","_coblocks_dimensions":"","_coblocks_responsive_height":"","_coblocks_accordion_ie_support":"","footnotes":""},"class_list":["post-16359","page","type-page","status-publish","hentry"],"_links":{"self":[{"href":"https:\/\/avukathht.com\/en\/wp-json\/wp\/v2\/pages\/16359","targetHints":{"allow":["GET"]}}],"collection":[{"href":"https:\/\/avukathht.com\/en\/wp-json\/wp\/v2\/pages"}],"about":[{"href":"https:\/\/avukathht.com\/en\/wp-json\/wp\/v2\/types\/page"}],"author":[{"embeddable":true,"href":"https:\/\/avukathht.com\/en\/wp-json\/wp\/v2\/users\/1"}],"replies":[{"embeddable":true,"href":"https:\/\/avukathht.com\/en\/wp-json\/wp\/v2\/comments?post=16359"}],"version-history":[{"count":7,"href":"https:\/\/avukathht.com\/en\/wp-json\/wp\/v2\/pages\/16359\/revisions"}],"predecessor-version":[{"id":16445,"href":"https:\/\/avukathht.com\/en\/wp-json\/wp\/v2\/pages\/16359\/revisions\/16445"}],"wp:attachment":[{"href":"https:\/\/avukathht.com\/en\/wp-json\/wp\/v2\/media?parent=16359"}],"curies":[{"name":"wp","href":"https:\/\/api.w.org\/{rel}","templated":true}]}}