{"id":16367,"date":"2023-11-23T11:32:03","date_gmt":"2023-11-23T11:32:03","guid":{"rendered":"https:\/\/avukathht.com\/?page_id=16367"},"modified":"2023-11-23T18:17:44","modified_gmt":"2023-11-23T18:17:44","slug":"mali-musavirlik-hizmetleri","status":"publish","type":"page","link":"https:\/\/avukathht.com\/en\/mali-musavirlik-hizmetleri\/","title":{"rendered":"Mali M\u00fc\u015favirlik Hizmetleri"},"content":{"rendered":"<div data-elementor-type=\"wp-page\" data-elementor-id=\"16367\" class=\"elementor elementor-16367\">\n\t\t\t\t\t\t<section class=\"wd-negative-gap elementor-section elementor-top-section elementor-element elementor-element-232441e elementor-section-content-middle elementor-section-boxed elementor-section-height-default elementor-section-height-default\" data-id=\"232441e\" data-element_type=\"section\" data-e-type=\"section\">\n\t\t\t\t\t\t<div class=\"elementor-container elementor-column-gap-default\">\n\t\t\t\t\t<div class=\"elementor-column elementor-col-50 elementor-top-column elementor-element elementor-element-aef476a\" data-id=\"aef476a\" data-element_type=\"column\" data-e-type=\"column\">\n\t\t\t<div class=\"elementor-widget-wrap elementor-element-populated\">\n\t\t\t\t\t\t<div class=\"elementor-element elementor-element-691f1bc wd-width-100 elementor-widget elementor-widget-wd_title\" data-id=\"691f1bc\" data-element_type=\"widget\" data-e-type=\"widget\" data-widget_type=\"wd_title.default\">\n\t\t\t\t<div class=\"elementor-widget-container\">\n\t\t\t\t\t\t\t<div class=\"title-wrapper wd-set-mb reset-last-child wd-title-color-default wd-title-style-default wd-title-size-default text-left\">\n\n\t\t\t\n\t\t\t<div class=\"liner-continer\">\n\t\t\t\t<h4 class=\"woodmart-title-container title wd-fontsize-l\">Mali M\u00fc\u015favirlik Hizmetleri<\/h4> \n\t\t\t\t\t\t\t<\/div>\n\n\t\t\t\t\t\t\t<div class=\"title-after_title reset-last-child wd-fontsize-xs\">\n\t\t\t\t\t<p><span style=\"font-weight: 400\">Faaliyet g\u00f6sterdi\u011fimiz \u00fclkelerde \u00e7al\u0131\u015fm\u0131\u015f oldu\u011fumuz mali m\u00fc\u015favirlik firmalar\u0131 ile birlikte sizlere muhasebe ve mal\u0130 m\u00fc\u015favirlik alan\u0131nda en kaliteli\u00a0 dan\u0131\u015fmanl\u0131k hizmetlerini sunmak i\u00e7in gayret ediyoruz. <\/span><\/p>\t\t\t\t<\/div>\n\t\t\t\t\t<\/div>\n\t\t\t\t\t\t<\/div>\n\t\t\t\t<\/div>\n\t\t\t\t<div class=\"elementor-element elementor-element-c4cc0c0 elementor-widget__width-auto elementor-widget elementor-widget-wd_button\" data-id=\"c4cc0c0\" data-element_type=\"widget\" data-e-type=\"widget\" data-widget_type=\"wd_button.default\">\n\t\t\t\t<div class=\"elementor-widget-container\">\n\t\t\t\t\t\t\t<div class=\"wd-button-wrapper text-left\" >\n\t\t\t<a class=\"btn btn-style-default btn-shape-round btn-size-default btn-icon-pos-right\"  href=\"https:\/\/avukathht.com\/en\/nasil-calisiyoruz\/\">\n\t\t\t\t<span class=\"wd-btn-text\" data-elementor-setting-key=\"text\">\n\t\t\t\t\tNas\u0131l \u00c7al\u0131\u015f\u0131yoruz\t\t\t\t<\/span>\n\n\t\t\t\t\t\t\t<\/a>\n\t\t<\/div>\n\t\t\t\t\t\t<\/div>\n\t\t\t\t<\/div>\n\t\t\t\t<div class=\"elementor-element elementor-element-698f6d8 elementor-widget__width-auto elementor-widget elementor-widget-wd_button\" data-id=\"698f6d8\" data-element_type=\"widget\" data-e-type=\"widget\" data-widget_type=\"wd_button.default\">\n\t\t\t\t<div class=\"elementor-widget-container\">\n\t\t\t\t\t\t\t<div class=\"wd-button-wrapper text-left\" >\n\t\t\t<a class=\"btn btn-style-default btn-shape-round btn-size-default btn-icon-pos-right\"  href=\"https:\/\/avukathht.com\/en\/contact-us\/\">\n\t\t\t\t<span class=\"wd-btn-text\" data-elementor-setting-key=\"text\">\n\t\t\t\t\tBize Ula\u015f\u0131n\t\t\t\t<\/span>\n\n\t\t\t\t\t\t\t<\/a>\n\t\t<\/div>\n\t\t\t\t\t\t<\/div>\n\t\t\t\t<\/div>\n\t\t\t\t\t<\/div>\n\t\t<\/div>\n\t\t\t\t<div class=\"elementor-column elementor-col-50 elementor-top-column elementor-element elementor-element-4649b9d\" data-id=\"4649b9d\" data-element_type=\"column\" data-e-type=\"column\">\n\t\t\t<div class=\"elementor-widget-wrap elementor-element-populated\">\n\t\t\t\t\t\t<div class=\"elementor-element elementor-element-d1277df elementor-widget elementor-widget-image\" data-id=\"d1277df\" data-element_type=\"widget\" data-e-type=\"widget\" data-widget_type=\"image.default\">\n\t\t\t\t<div class=\"elementor-widget-container\">\n\t\t\t\t\t\t\t\t\t\t\t\t\t\t\t<img loading=\"lazy\" decoding=\"async\" width=\"800\" height=\"800\" src=\"https:\/\/avukathht.com\/wp-content\/uploads\/2023\/11\/musavir-800x800.jpg\" class=\"attachment-large size-large wp-image-16446\" alt=\"\" srcset=\"https:\/\/avukathht.com\/wp-content\/uploads\/2023\/11\/musavir-800x800.jpg 800w, https:\/\/avukathht.com\/wp-content\/uploads\/2023\/11\/musavir-300x300.jpg 300w, https:\/\/avukathht.com\/wp-content\/uploads\/2023\/11\/musavir-150x150.jpg 150w, https:\/\/avukathht.com\/wp-content\/uploads\/2023\/11\/musavir-768x768.jpg 768w, https:\/\/avukathht.com\/wp-content\/uploads\/2023\/11\/musavir-12x12.jpg 12w, https:\/\/avukathht.com\/wp-content\/uploads\/2023\/11\/musavir-860x860.jpg 860w, https:\/\/avukathht.com\/wp-content\/uploads\/2023\/11\/musavir-430x430.jpg 430w, https:\/\/avukathht.com\/wp-content\/uploads\/2023\/11\/musavir-700x700.jpg 700w, https:\/\/avukathht.com\/wp-content\/uploads\/2023\/11\/musavir.jpg 1080w\" sizes=\"auto, (max-width: 800px) 100vw, 800px\" \/>\t\t\t\t\t\t\t\t\t\t\t\t\t\t\t<\/div>\n\t\t\t\t<\/div>\n\t\t\t\t\t<\/div>\n\t\t<\/div>\n\t\t\t\t\t<\/div>\n\t\t<\/section>\n\t\t\t\t<section class=\"wd-negative-gap elementor-section elementor-top-section elementor-element elementor-element-de90ba9 elementor-section-boxed elementor-section-height-default elementor-section-height-default\" data-id=\"de90ba9\" data-element_type=\"section\" data-e-type=\"section\">\n\t\t\t\t\t\t<div class=\"elementor-container elementor-column-gap-default\">\n\t\t\t\t\t<div class=\"elementor-column elementor-col-100 elementor-top-column elementor-element elementor-element-1d867c2\" data-id=\"1d867c2\" data-element_type=\"column\" data-e-type=\"column\">\n\t\t\t<div class=\"elementor-widget-wrap elementor-element-populated\">\n\t\t\t\t\t\t<div class=\"elementor-element elementor-element-c22c6c5 elementor-widget elementor-widget-wd_text_block\" data-id=\"c22c6c5\" data-element_type=\"widget\" data-e-type=\"widget\" data-widget_type=\"wd_text_block.default\">\n\t\t\t\t<div class=\"elementor-widget-container\">\n\t\t\t\t\t\t\t<div class=\"wd-text-block reset-last-child text-left\">\n\t\t\t\n\t\t\t<p><span style=\"font-weight: 400;\">Bir \u00e7ok \u00fclkede ticari faaliyette bulunmak i\u00e7in bir muhasebeci veya mali m\u00fc\u015favir ile\u00a0 \u00e7al\u0131\u015fma zorunludur. Bu zorunluluk \u00a0 g\u00f6z \u00f6n\u00fcne al\u0131nd\u0131\u011f\u0131nda bu konuda do\u011fru ki\u015fi ve \u015firketler ile \u00e7al\u0131\u015fman\u0131n ne kadar \u00f6nemli oldu\u011fu ortadad\u0131r. \u015eirketin bir par\u00e7as\u0131 olan muhasebe konular\u0131nda do\u011fru ki\u015fi veya \u015firketlerden al\u0131ncak tavsiyelerin sizlere ne kadar faydal\u0131 olaca\u011f\u0131 da a\u00e7\u0131kt\u0131r.\u00a0<\/span><\/p><p><span style=\"font-weight: 400;\">\u00d6zellikle yeni \u015firket kurma s\u00fcre\u00e7lerinde, beyannamelerin do\u011fru haz\u0131rlanmas\u0131nda, \u015firket defterlerinin d\u00fczenli tutulmas\u0131nda ve muhasebe konular\u0131nda do\u011fru y\u00f6nlendirme \u00f6zel bir \u00f6nem arz eder.\u00a0 Yeni \u00fclkelerin mali mevzuatlar\u0131n\u0131 bilen do\u011fru dan\u0131\u015fmanlar ile daha az mali sorunlar ya\u015fayarak\u00a0 k\u0131sa s\u00fcrede uzun mesafeleri a\u015fabilirsiniz.<\/span><\/p><p><span style=\"font-weight: 400;\">Mali m\u00fc\u015favirlik konusunda do\u011fru adresi ar\u0131yorsan\u0131z l\u00fctfen bize ula\u015f\u0131n ve teklif al\u0131n. <\/span><\/p>\n\t\t\t\t\t<\/div>\n\t\t\t\t\t\t<\/div>\n\t\t\t\t<\/div>\n\t\t\t\t\t<\/div>\n\t\t<\/div>\n\t\t\t\t\t<\/div>\n\t\t<\/section>\n\t\t\t\t<\/div>","protected":false},"excerpt":{"rendered":"<p>Mali M\u00fc\u015favirlik Hizmetleri Faaliyet g\u00f6sterdi\u011fimiz \u00fclkelerde \u00e7al\u0131\u015fm\u0131\u015f oldu\u011fumuz mali m\u00fc\u015favirlik firmalar\u0131 ile birlikte sizlere muhasebe ve mal\u0130 m\u00fc\u015favirlik alan\u0131nda en<\/p>","protected":false},"author":1,"featured_media":0,"parent":0,"menu_order":0,"comment_status":"closed","ping_status":"closed","template":"","meta":{"_coblocks_attr":"","_coblocks_dimensions":"","_coblocks_responsive_height":"","_coblocks_accordion_ie_support":"","footnotes":""},"class_list":["post-16367","page","type-page","status-publish","hentry"],"_links":{"self":[{"href":"https:\/\/avukathht.com\/en\/wp-json\/wp\/v2\/pages\/16367","targetHints":{"allow":["GET"]}}],"collection":[{"href":"https:\/\/avukathht.com\/en\/wp-json\/wp\/v2\/pages"}],"about":[{"href":"https:\/\/avukathht.com\/en\/wp-json\/wp\/v2\/types\/page"}],"author":[{"embeddable":true,"href":"https:\/\/avukathht.com\/en\/wp-json\/wp\/v2\/users\/1"}],"replies":[{"embeddable":true,"href":"https:\/\/avukathht.com\/en\/wp-json\/wp\/v2\/comments?post=16367"}],"version-history":[{"count":19,"href":"https:\/\/avukathht.com\/en\/wp-json\/wp\/v2\/pages\/16367\/revisions"}],"predecessor-version":[{"id":16469,"href":"https:\/\/avukathht.com\/en\/wp-json\/wp\/v2\/pages\/16367\/revisions\/16469"}],"wp:attachment":[{"href":"https:\/\/avukathht.com\/en\/wp-json\/wp\/v2\/media?parent=16367"}],"curies":[{"name":"wp","href":"https:\/\/api.w.org\/{rel}","templated":true}]}}