{"id":16372,"date":"2023-11-23T11:32:45","date_gmt":"2023-11-23T11:32:45","guid":{"rendered":"https:\/\/avukathht.com\/?page_id=16372"},"modified":"2023-11-23T18:18:59","modified_gmt":"2023-11-23T18:18:59","slug":"dis-ticaret-ve-gumruk-danismanligi","status":"publish","type":"page","link":"https:\/\/avukathht.com\/en\/dis-ticaret-ve-gumruk-danismanligi\/","title":{"rendered":"D\u0131\u015f Ticaret ve G\u00fcmr\u00fck Dan\u0131\u015fmanl\u0131\u011f\u0131"},"content":{"rendered":"<div data-elementor-type=\"wp-page\" data-elementor-id=\"16372\" class=\"elementor elementor-16372\">\n\t\t\t\t\t\t<section class=\"wd-negative-gap elementor-section elementor-top-section elementor-element elementor-element-3ec0bfe elementor-section-content-middle elementor-section-boxed elementor-section-height-default elementor-section-height-default\" data-id=\"3ec0bfe\" data-element_type=\"section\" data-e-type=\"section\">\n\t\t\t\t\t\t<div class=\"elementor-container elementor-column-gap-default\">\n\t\t\t\t\t<div class=\"elementor-column elementor-col-50 elementor-top-column elementor-element elementor-element-2694d16\" data-id=\"2694d16\" data-element_type=\"column\" data-e-type=\"column\">\n\t\t\t<div class=\"elementor-widget-wrap elementor-element-populated\">\n\t\t\t\t\t\t<div class=\"elementor-element elementor-element-e625fdf wd-width-100 elementor-widget elementor-widget-wd_title\" data-id=\"e625fdf\" data-element_type=\"widget\" data-e-type=\"widget\" data-widget_type=\"wd_title.default\">\n\t\t\t\t<div class=\"elementor-widget-container\">\n\t\t\t\t\t\t\t<div class=\"title-wrapper wd-set-mb reset-last-child wd-title-color-default wd-title-style-default wd-title-size-default text-left\">\n\n\t\t\t\n\t\t\t<div class=\"liner-continer\">\n\t\t\t\t<h4 class=\"woodmart-title-container title wd-fontsize-l\">D\u0131\u015f Ticaret ve G\u00fcmr\u00fck Dan\u0131\u015fmanl\u0131\u011f\u0131<\/h4> \n\t\t\t\t\t\t\t<\/div>\n\n\t\t\t\t\t\t\t<div class=\"title-after_title reset-last-child wd-fontsize-xs\">\n\t\t\t\t\t<p><span style=\"font-weight: 400\">\u0130thalat veya ihracaat m\u0131 yapacaks\u0131n\u0131z?<\/span><\/p><p><span style=\"font-weight: 400\">\u00dcr\u00fcnleriniz g\u00fcmr\u00fckten mi ge\u00e7ecek?\u00a0<\/span><\/p><p><span style=\"font-weight: 400\">Bu konularda yeterli tecr\u00fcbeye sahip de\u011filmisiniz?<\/span><\/p>\t\t\t\t<\/div>\n\t\t\t\t\t<\/div>\n\t\t\t\t\t\t<\/div>\n\t\t\t\t<\/div>\n\t\t\t\t<div class=\"elementor-element elementor-element-9645d2a elementor-widget__width-auto elementor-widget elementor-widget-wd_button\" data-id=\"9645d2a\" data-element_type=\"widget\" data-e-type=\"widget\" data-widget_type=\"wd_button.default\">\n\t\t\t\t<div class=\"elementor-widget-container\">\n\t\t\t\t\t\t\t<div class=\"wd-button-wrapper text-left\" >\n\t\t\t<a class=\"btn btn-style-default btn-shape-round btn-size-default btn-icon-pos-right\"  href=\"https:\/\/avukathht.com\/en\/nasil-calisiyoruz\/\">\n\t\t\t\t<span class=\"wd-btn-text\" data-elementor-setting-key=\"text\">\n\t\t\t\t\tNas\u0131l \u00c7al\u0131\u015f\u0131yoruz\t\t\t\t<\/span>\n\n\t\t\t\t\t\t\t<\/a>\n\t\t<\/div>\n\t\t\t\t\t\t<\/div>\n\t\t\t\t<\/div>\n\t\t\t\t<div class=\"elementor-element elementor-element-ed6b7d3 elementor-widget__width-auto elementor-widget elementor-widget-wd_button\" data-id=\"ed6b7d3\" data-element_type=\"widget\" data-e-type=\"widget\" data-widget_type=\"wd_button.default\">\n\t\t\t\t<div class=\"elementor-widget-container\">\n\t\t\t\t\t\t\t<div class=\"wd-button-wrapper text-left\" >\n\t\t\t<a class=\"btn btn-style-default btn-shape-round btn-size-default btn-icon-pos-right\"  href=\"https:\/\/avukathht.com\/en\/contact-us\/\">\n\t\t\t\t<span class=\"wd-btn-text\" data-elementor-setting-key=\"text\">\n\t\t\t\t\tBize Ula\u015f\u0131n\t\t\t\t<\/span>\n\n\t\t\t\t\t\t\t<\/a>\n\t\t<\/div>\n\t\t\t\t\t\t<\/div>\n\t\t\t\t<\/div>\n\t\t\t\t\t<\/div>\n\t\t<\/div>\n\t\t\t\t<div class=\"elementor-column elementor-col-50 elementor-top-column elementor-element elementor-element-dfec474\" data-id=\"dfec474\" data-element_type=\"column\" data-e-type=\"column\">\n\t\t\t<div class=\"elementor-widget-wrap elementor-element-populated\">\n\t\t\t\t\t\t<div class=\"elementor-element elementor-element-bca9d51 elementor-widget elementor-widget-image\" data-id=\"bca9d51\" data-element_type=\"widget\" data-e-type=\"widget\" data-widget_type=\"image.default\">\n\t\t\t\t<div class=\"elementor-widget-container\">\n\t\t\t\t\t\t\t\t\t\t\t\t\t\t\t<img loading=\"lazy\" decoding=\"async\" width=\"800\" height=\"800\" src=\"https:\/\/avukathht.com\/wp-content\/uploads\/2023\/11\/gumruk-800x800.jpg\" class=\"attachment-large size-large wp-image-16454\" alt=\"\" srcset=\"https:\/\/avukathht.com\/wp-content\/uploads\/2023\/11\/gumruk-800x800.jpg 800w, https:\/\/avukathht.com\/wp-content\/uploads\/2023\/11\/gumruk-300x300.jpg 300w, https:\/\/avukathht.com\/wp-content\/uploads\/2023\/11\/gumruk-150x150.jpg 150w, https:\/\/avukathht.com\/wp-content\/uploads\/2023\/11\/gumruk-768x768.jpg 768w, https:\/\/avukathht.com\/wp-content\/uploads\/2023\/11\/gumruk-12x12.jpg 12w, https:\/\/avukathht.com\/wp-content\/uploads\/2023\/11\/gumruk-860x860.jpg 860w, https:\/\/avukathht.com\/wp-content\/uploads\/2023\/11\/gumruk-430x430.jpg 430w, https:\/\/avukathht.com\/wp-content\/uploads\/2023\/11\/gumruk-700x700.jpg 700w, https:\/\/avukathht.com\/wp-content\/uploads\/2023\/11\/gumruk.jpg 1080w\" sizes=\"auto, (max-width: 800px) 100vw, 800px\" \/>\t\t\t\t\t\t\t\t\t\t\t\t\t\t\t<\/div>\n\t\t\t\t<\/div>\n\t\t\t\t\t<\/div>\n\t\t<\/div>\n\t\t\t\t\t<\/div>\n\t\t<\/section>\n\t\t\t\t<section class=\"wd-negative-gap elementor-section elementor-top-section elementor-element elementor-element-fea7653 elementor-section-boxed elementor-section-height-default elementor-section-height-default\" data-id=\"fea7653\" data-element_type=\"section\" data-e-type=\"section\">\n\t\t\t\t\t\t<div class=\"elementor-container elementor-column-gap-default\">\n\t\t\t\t\t<div class=\"elementor-column elementor-col-100 elementor-top-column elementor-element elementor-element-64c20b3\" data-id=\"64c20b3\" data-element_type=\"column\" data-e-type=\"column\">\n\t\t\t<div class=\"elementor-widget-wrap elementor-element-populated\">\n\t\t\t\t\t\t<div class=\"elementor-element elementor-element-e57aa65 elementor-widget elementor-widget-wd_text_block\" data-id=\"e57aa65\" data-element_type=\"widget\" data-e-type=\"widget\" data-widget_type=\"wd_text_block.default\">\n\t\t\t\t<div class=\"elementor-widget-container\">\n\t\t\t\t\t\t\t<div class=\"wd-text-block reset-last-child text-left\">\n\t\t\t\n\t\t\t<p><span style=\"font-weight: 400;\">T\u00fcm bu sorulara evet cevab\u0131 veriyor iseniz size laz\u0131m olan en \u00f6nemli \u015fey\u00a0 bu konularda tecr\u00fcbeli ki\u015fi veya \u015firketler ile \u00e7al\u0131\u015fmak olacakt\u0131r.<\/span><\/p><p><span style=\"font-weight: 400;\">Alan\u0131nda uzman d\u0131\u015f ticaret uzmanlar\u0131m\u0131z ve g\u00fcmr\u00fck konular\u0131nda sizlere yard\u0131mc\u0131 olabilecek yerel partnerlerimiz ile size en iyi hizmeti vermeye \u00e7al\u0131\u015f\u0131yoruz.\u00a0<\/span><\/p><p><span style=\"font-weight: 400;\">Alan\u0131nlar\u0131nda uzun y\u0131llard\u0131r uzmanla\u015fm\u0131\u015f tecr\u00fcbeli dan\u0131\u015fmanlar\u0131m\u0131z, sizlere vercekleri tavsiyeler ile sizlerin daha az masraflar ile daha fazla kazan\u00e7 elde etmenize yard\u0131mc\u0131 olacakt\u0131r. <\/span><\/p>\n\t\t\t\t\t<\/div>\n\t\t\t\t\t\t<\/div>\n\t\t\t\t<\/div>\n\t\t\t\t\t<\/div>\n\t\t<\/div>\n\t\t\t\t\t<\/div>\n\t\t<\/section>\n\t\t\t\t<\/div>","protected":false},"excerpt":{"rendered":"<p>D\u0131\u015f Ticaret ve G\u00fcmr\u00fck Dan\u0131\u015fmanl\u0131\u011f\u0131 \u0130thalat veya ihracaat m\u0131 yapacaks\u0131n\u0131z? \u00dcr\u00fcnleriniz g\u00fcmr\u00fckten mi ge\u00e7ecek?\u00a0 Bu konularda yeterli tecr\u00fcbeye sahip de\u011filmisiniz?<\/p>","protected":false},"author":1,"featured_media":0,"parent":0,"menu_order":0,"comment_status":"closed","ping_status":"closed","template":"","meta":{"_coblocks_attr":"","_coblocks_dimensions":"","_coblocks_responsive_height":"","_coblocks_accordion_ie_support":"","footnotes":""},"class_list":["post-16372","page","type-page","status-publish","hentry"],"_links":{"self":[{"href":"https:\/\/avukathht.com\/en\/wp-json\/wp\/v2\/pages\/16372","targetHints":{"allow":["GET"]}}],"collection":[{"href":"https:\/\/avukathht.com\/en\/wp-json\/wp\/v2\/pages"}],"about":[{"href":"https:\/\/avukathht.com\/en\/wp-json\/wp\/v2\/types\/page"}],"author":[{"embeddable":true,"href":"https:\/\/avukathht.com\/en\/wp-json\/wp\/v2\/users\/1"}],"replies":[{"embeddable":true,"href":"https:\/\/avukathht.com\/en\/wp-json\/wp\/v2\/comments?post=16372"}],"version-history":[{"count":10,"href":"https:\/\/avukathht.com\/en\/wp-json\/wp\/v2\/pages\/16372\/revisions"}],"predecessor-version":[{"id":16472,"href":"https:\/\/avukathht.com\/en\/wp-json\/wp\/v2\/pages\/16372\/revisions\/16472"}],"wp:attachment":[{"href":"https:\/\/avukathht.com\/en\/wp-json\/wp\/v2\/media?parent=16372"}],"curies":[{"name":"wp","href":"https:\/\/api.w.org\/{rel}","templated":true}]}}