{"id":16501,"date":"2023-11-23T18:29:46","date_gmt":"2023-11-23T18:29:46","guid":{"rendered":"https:\/\/avukathht.com\/?page_id=16501"},"modified":"2023-11-25T09:52:20","modified_gmt":"2023-11-25T09:52:20","slug":"idare-hukuku","status":"publish","type":"page","link":"https:\/\/avukathht.com\/en\/idare-hukuku\/","title":{"rendered":"\u0130dare Hukuku"},"content":{"rendered":"<div data-elementor-type=\"wp-page\" data-elementor-id=\"16501\" class=\"elementor elementor-16501\">\n\t\t\t\t\t\t<section class=\"wd-negative-gap elementor-section elementor-top-section elementor-element elementor-element-c505e09 elementor-section-content-middle elementor-section-boxed elementor-section-height-default elementor-section-height-default\" data-id=\"c505e09\" data-element_type=\"section\" data-e-type=\"section\">\n\t\t\t\t\t\t<div class=\"elementor-container elementor-column-gap-default\">\n\t\t\t\t\t<div class=\"elementor-column elementor-col-50 elementor-top-column elementor-element elementor-element-8fe1041\" data-id=\"8fe1041\" data-element_type=\"column\" data-e-type=\"column\">\n\t\t\t<div class=\"elementor-widget-wrap elementor-element-populated\">\n\t\t\t\t\t\t<div class=\"elementor-element elementor-element-668a885 elementor-widget elementor-widget-image\" data-id=\"668a885\" data-element_type=\"widget\" data-e-type=\"widget\" data-widget_type=\"image.default\">\n\t\t\t\t<div class=\"elementor-widget-container\">\n\t\t\t\t\t\t\t\t\t\t\t\t\t\t\t<img loading=\"lazy\" decoding=\"async\" width=\"800\" height=\"800\" src=\"https:\/\/avukathht.com\/wp-content\/uploads\/2023\/11\/idarehukuku-800x800.jpg\" class=\"attachment-large size-large wp-image-16712\" alt=\"\" srcset=\"https:\/\/avukathht.com\/wp-content\/uploads\/2023\/11\/idarehukuku-800x800.jpg 800w, https:\/\/avukathht.com\/wp-content\/uploads\/2023\/11\/idarehukuku-300x300.jpg 300w, https:\/\/avukathht.com\/wp-content\/uploads\/2023\/11\/idarehukuku-150x150.jpg 150w, https:\/\/avukathht.com\/wp-content\/uploads\/2023\/11\/idarehukuku-768x768.jpg 768w, https:\/\/avukathht.com\/wp-content\/uploads\/2023\/11\/idarehukuku-12x12.jpg 12w, https:\/\/avukathht.com\/wp-content\/uploads\/2023\/11\/idarehukuku-860x860.jpg 860w, https:\/\/avukathht.com\/wp-content\/uploads\/2023\/11\/idarehukuku-430x430.jpg 430w, https:\/\/avukathht.com\/wp-content\/uploads\/2023\/11\/idarehukuku-700x700.jpg 700w, https:\/\/avukathht.com\/wp-content\/uploads\/2023\/11\/idarehukuku.jpg 1080w\" sizes=\"auto, (max-width: 800px) 100vw, 800px\" \/>\t\t\t\t\t\t\t\t\t\t\t\t\t\t\t<\/div>\n\t\t\t\t<\/div>\n\t\t\t\t\t<\/div>\n\t\t<\/div>\n\t\t\t\t<div class=\"elementor-column elementor-col-50 elementor-top-column elementor-element elementor-element-bb32d2a text-center\" data-id=\"bb32d2a\" data-element_type=\"column\" data-e-type=\"column\">\n\t\t\t<div class=\"elementor-widget-wrap elementor-element-populated\">\n\t\t\t\t\t\t<div class=\"elementor-element elementor-element-c3848e3 wd-width-100 elementor-widget elementor-widget-wd_title\" data-id=\"c3848e3\" data-element_type=\"widget\" data-e-type=\"widget\" data-widget_type=\"wd_title.default\">\n\t\t\t\t<div class=\"elementor-widget-container\">\n\t\t\t\t\t\t\t<div class=\"title-wrapper wd-set-mb reset-last-child wd-title-color-default wd-title-style-default wd-title-size-extra-large text-center\">\n\n\t\t\t\n\t\t\t<div class=\"liner-continer\">\n\t\t\t\t<h4 class=\"woodmart-title-container title wd-fontsize-xxxl\">\u0130dare Hukuku Ve \u0130dari Dava S\u00fcre\u00e7leri<br \/>\n<br \/>\n<\/h4> \n\t\t\t\t\t\t\t<\/div>\n\n\t\t\t\t\t\t\t<div class=\"title-after_title reset-last-child wd-fontsize-s\">\n\t\t\t\t\t<p><span style=\"font-weight: 400\">Her \u00fclkede devlet kurumlar\u0131 yapt\u0131klar\u0131 d\u00fczenlemeler ile\u00a0 vatanda\u015flar\u0131n\u0131n hayat\u0131nda \u00f6nemli bir rol oynar. Bir \u015firket ve \u00f6zel \u015fah\u0131s olarak s\u0131kl\u0131kla h\u00fck\u00fcmetle temasa ge\u00e7mek zorunda kalabilirsiniz. Kendinizi devlet kurumlar\u0131, belediyeler v.b kurumlar ile bir anla\u015fmazl\u0131\u011f\u0131n i\u00e7inde bulursan\u0131z, size yard\u0131mc\u0131 olacak idare hukuku bilgisine sahip bir uzmana ihtiyac\u0131n\u0131z duyars\u0131n\u0131z.\u00a0 Bazen bir idari kurumun karar\u0131na itiraz etmek veya dava a\u00e7mak zorunda kal\u0131rs\u0131n\u0131z. B\u00f6yle durumlarda\u00a0 hak d\u00fc\u015f\u00fcr\u00fcc\u00fc s\u00fcreler olmas\u0131 nedeni ile uzun s\u00fcre beklemeyin ve do\u011fru hukuki yard\u0131ma zaman\u0131nda ula\u015f\u0131n.<\/span><\/p>\t\t\t\t<\/div>\n\t\t\t\t\t<\/div>\n\t\t\t\t\t\t<\/div>\n\t\t\t\t<\/div>\n\t\t\t\t<div class=\"elementor-element elementor-element-bcfa5d8 elementor-widget__width-auto elementor-widget elementor-widget-wd_button\" data-id=\"bcfa5d8\" data-element_type=\"widget\" data-e-type=\"widget\" data-widget_type=\"wd_button.default\">\n\t\t\t\t<div class=\"elementor-widget-container\">\n\t\t\t\t\t\t\t<div class=\"wd-button-wrapper text-left\" >\n\t\t\t<a class=\"btn btn-style-default btn-shape-round btn-size-default btn-icon-pos-right\"  href=\"https:\/\/avukathht.com\/en\/nasil-calisiyoruz\/\">\n\t\t\t\t<span class=\"wd-btn-text\" data-elementor-setting-key=\"text\">\n\t\t\t\t\tNas\u0131l \u00c7al\u0131\u015f\u0131yoruz\t\t\t\t<\/span>\n\n\t\t\t\t\t\t\t<\/a>\n\t\t<\/div>\n\t\t\t\t\t\t<\/div>\n\t\t\t\t<\/div>\n\t\t\t\t<div class=\"elementor-element elementor-element-843369f elementor-widget__width-auto elementor-widget elementor-widget-wd_button\" data-id=\"843369f\" data-element_type=\"widget\" data-e-type=\"widget\" data-widget_type=\"wd_button.default\">\n\t\t\t\t<div class=\"elementor-widget-container\">\n\t\t\t\t\t\t\t<div class=\"wd-button-wrapper text-left\" >\n\t\t\t<a class=\"btn btn-style-default btn-shape-round btn-size-default btn-icon-pos-right\"  href=\"https:\/\/avukathht.com\/en\/contact-us\/\">\n\t\t\t\t<span class=\"wd-btn-text\" data-elementor-setting-key=\"text\">\n\t\t\t\t\tBize Ula\u015f\u0131n\t\t\t\t<\/span>\n\n\t\t\t\t\t\t\t<\/a>\n\t\t<\/div>\n\t\t\t\t\t\t<\/div>\n\t\t\t\t<\/div>\n\t\t\t\t\t<\/div>\n\t\t<\/div>\n\t\t\t\t\t<\/div>\n\t\t<\/section>\n\t\t\t\t<section class=\"wd-negative-gap elementor-section elementor-top-section elementor-element elementor-element-6cfa3f0 elementor-section-boxed elementor-section-height-default elementor-section-height-default\" data-id=\"6cfa3f0\" data-element_type=\"section\" data-e-type=\"section\">\n\t\t\t\t\t\t<div class=\"elementor-container elementor-column-gap-default\">\n\t\t\t\t\t<div class=\"elementor-column elementor-col-100 elementor-top-column elementor-element elementor-element-e0e2e91\" data-id=\"e0e2e91\" data-element_type=\"column\" data-e-type=\"column\">\n\t\t\t<div class=\"elementor-widget-wrap elementor-element-populated\">\n\t\t\t\t\t\t<div class=\"elementor-element elementor-element-5c3ff0b elementor-widget elementor-widget-wd_text_block\" data-id=\"5c3ff0b\" data-element_type=\"widget\" data-e-type=\"widget\" data-widget_type=\"wd_text_block.default\">\n\t\t\t\t<div class=\"elementor-widget-container\">\n\t\t\t\t\t\t\t<div class=\"wd-text-block reset-last-child text-left\">\n\t\t\t\n\t\t\t<p><span style=\"font-weight: 400;\">Alan\u0131nda uzman avukatlar\u0131m\u0131z idare ile\u00a0 olan sorunlar\u0131n\u0131zda size yard\u0131mc\u0131 olmaktan mutluluk duyacakt\u0131r ve geni\u015f bir bilgi taban\u0131na sahiptir. Kapsaml\u0131 bir analize ve stratejiye g\u00fcvenebilirsiniz. \u0130dareye kar\u015f\u0131 dava a\u00e7mak bazen \u00e7ok fazla sab\u0131r gerektirir. Avukatlar\u0131m\u0131z size en iyi yakla\u015f\u0131mla yard\u0131mc\u0131 olacakt\u0131r. Davan\u0131za en iyi \u015fekilde nas\u0131l yakla\u015fabilece\u011finizi anla\u015f\u0131l\u0131r bir dille size a\u00e7\u0131klayacaklar. Avukatla birlikte bir eylem plan\u0131 yapars\u0131n\u0131z.\u00a0 \u0130dareye kar\u015f\u0131 itirazlar\u0131n\u0131z\u0131 haz\u0131rlamak, ve gerekti\u011finde\u00a0 dava a\u00e7mak i\u00e7in gereken t\u00fcm haz\u0131rl\u0131klar\u0131 yapmak i\u00e7in do\u011fru adrestesiniz. <\/span><\/p>\n\t\t\t\t\t<\/div>\n\t\t\t\t\t\t<\/div>\n\t\t\t\t<\/div>\n\t\t\t\t\t<\/div>\n\t\t<\/div>\n\t\t\t\t\t<\/div>\n\t\t<\/section>\n\t\t\t\t<\/div>","protected":false},"excerpt":{"rendered":"<p>\u0130dare Hukuku Ve \u0130dari Dava S\u00fcre\u00e7leri Her \u00fclkede devlet kurumlar\u0131 yapt\u0131klar\u0131 d\u00fczenlemeler ile\u00a0 vatanda\u015flar\u0131n\u0131n hayat\u0131nda \u00f6nemli bir rol oynar. Bir<\/p>","protected":false},"author":1,"featured_media":0,"parent":0,"menu_order":0,"comment_status":"closed","ping_status":"closed","template":"","meta":{"_coblocks_attr":"","_coblocks_dimensions":"","_coblocks_responsive_height":"","_coblocks_accordion_ie_support":"","footnotes":""},"class_list":["post-16501","page","type-page","status-publish","hentry"],"_links":{"self":[{"href":"https:\/\/avukathht.com\/en\/wp-json\/wp\/v2\/pages\/16501","targetHints":{"allow":["GET"]}}],"collection":[{"href":"https:\/\/avukathht.com\/en\/wp-json\/wp\/v2\/pages"}],"about":[{"href":"https:\/\/avukathht.com\/en\/wp-json\/wp\/v2\/types\/page"}],"author":[{"embeddable":true,"href":"https:\/\/avukathht.com\/en\/wp-json\/wp\/v2\/users\/1"}],"replies":[{"embeddable":true,"href":"https:\/\/avukathht.com\/en\/wp-json\/wp\/v2\/comments?post=16501"}],"version-history":[{"count":10,"href":"https:\/\/avukathht.com\/en\/wp-json\/wp\/v2\/pages\/16501\/revisions"}],"predecessor-version":[{"id":16715,"href":"https:\/\/avukathht.com\/en\/wp-json\/wp\/v2\/pages\/16501\/revisions\/16715"}],"wp:attachment":[{"href":"https:\/\/avukathht.com\/en\/wp-json\/wp\/v2\/media?parent=16501"}],"curies":[{"name":"wp","href":"https:\/\/api.w.org\/{rel}","templated":true}]}}