{"id":17153,"date":"2025-11-11T07:49:28","date_gmt":"2025-11-11T07:49:28","guid":{"rendered":"https:\/\/avukathht.com\/?page_id=17153"},"modified":"2025-12-07T08:25:06","modified_gmt":"2025-12-07T08:25:06","slug":"hayata-dair","status":"publish","type":"page","link":"https:\/\/avukathht.com\/en\/hayata-dair\/","title":{"rendered":"Hayata Dair"},"content":{"rendered":"\t\t<div data-elementor-type=\"wp-page\" data-elementor-id=\"17153\" class=\"elementor elementor-17153\">\n\t\t\t\t\t\t<section class=\"wd-negative-gap elementor-section elementor-top-section elementor-element elementor-element-9560057 elementor-section-boxed elementor-section-height-default elementor-section-height-default\" data-id=\"9560057\" data-element_type=\"section\" data-e-type=\"section\">\n\t\t\t\t\t\t<div class=\"elementor-container elementor-column-gap-default\">\n\t\t\t\t\t<div class=\"elementor-column elementor-col-100 elementor-top-column elementor-element elementor-element-927753d\" data-id=\"927753d\" data-element_type=\"column\" data-e-type=\"column\">\n\t\t\t<div class=\"elementor-widget-wrap elementor-element-populated\">\n\t\t\t\t\t\t<div class=\"elementor-element elementor-element-0230471 wd-width-100 elementor-widget elementor-widget-wd_blog\" data-id=\"0230471\" data-element_type=\"widget\" data-e-type=\"widget\" data-widget_type=\"wd_blog.default\">\n\t\t\t\t<div class=\"elementor-widget-container\">\n\t\t\t\t\t\t\t\t\t\t\t\t<div class=\"wd-blog-element \">\n\t\t\t\t\t\t\t\t\t\t\t\n\t\t\t\t\t<div class=\"wd-posts wd-blog-holder wd-grid-g\" id=\"69ef72ba91db0\" data-paged=\"1\" data-atts=\"{&quot;post_type&quot;:&quot;ids&quot;,&quot;items_per_page&quot;:12,&quot;include&quot;:[&quot;17463&quot;],&quot;taxonomies&quot;:null,&quot;offset&quot;:null,&quot;orderby&quot;:&quot;&quot;,&quot;order&quot;:&quot;DESC&quot;,&quot;meta_key&quot;:null,&quot;exclude&quot;:null,&quot;element_title&quot;:&quot;&quot;,&quot;element_title_tag&quot;:&quot;h4&quot;,&quot;parts_media&quot;:true,&quot;parts_title&quot;:&quot;1&quot;,&quot;parts_meta&quot;:&quot;1&quot;,&quot;parts_text&quot;:&quot;1&quot;,&quot;parts_btn&quot;:&quot;1&quot;,&quot;parts_published_date&quot;:&quot;1&quot;,&quot;img_size&quot;:&quot;large&quot;,&quot;blog_design&quot;:&quot;small-images&quot;,&quot;blog_carousel_design&quot;:null,&quot;blog_masonry&quot;:null,&quot;blog_columns&quot;:null,&quot;blog_columns_tablet&quot;:{&quot;size&quot;:&quot;&quot;},&quot;blog_columns_mobile&quot;:{&quot;size&quot;:&quot;&quot;},&quot;blog_spacing&quot;:null,&quot;blog_spacing_tablet&quot;:&quot;&quot;,&quot;blog_spacing_mobile&quot;:&quot;&quot;,&quot;pagination&quot;:&quot;&quot;,&quot;speed&quot;:null,&quot;slides_per_view&quot;:null,&quot;slides_per_view_tablet&quot;:{&quot;size&quot;:&quot;&quot;},&quot;slides_per_view_mobile&quot;:{&quot;size&quot;:&quot;&quot;},&quot;wrap&quot;:null,&quot;autoplay&quot;:null,&quot;hide_pagination_control&quot;:null,&quot;hide_prev_next_buttons&quot;:null,&quot;scroll_per_page&quot;:null,&quot;lazy_loading&quot;:&quot;no&quot;,&quot;scroll_carousel_init&quot;:null,&quot;ajax_page&quot;:&quot;&quot;,&quot;custom_sizes&quot;:false,&quot;elementor&quot;:true}\" data-source=\"shortcode\">\n\t\t\t\n\t\t\t\t\t\t\t\t\t\t\t\t\t\t\n<article id=\"post-17463\" class=\"wd-post blog-design-small-images blog-post-loop blog-style-bg wd-add-shadow wd-col post-17463 post type-post status-publish format-standard has-post-thumbnail hentry category-hayata-dair\">\n\t<div class=\"wd-post-inner article-inner\">\n\t\t\t\t\t<div class=\"wd-post-thumb entry-header\">\n\t\t\t\t\t\t\t\t\t<div class=\"wd-post-img post-img-wrapp\">\n\t\t\t\t\t\t<img loading=\"lazy\" decoding=\"async\" width=\"1200\" height=\"800\" src=\"https:\/\/avukathht.com\/wp-content\/uploads\/2025\/12\/TAKSI-VE-HAYAT-1200x800.png\" class=\"attachment-large size-large\" alt=\"\" srcset=\"https:\/\/avukathht.com\/wp-content\/uploads\/2025\/12\/TAKSI-VE-HAYAT-1200x800.png 1200w, https:\/\/avukathht.com\/wp-content\/uploads\/2025\/12\/TAKSI-VE-HAYAT-400x267.png 400w, https:\/\/avukathht.com\/wp-content\/uploads\/2025\/12\/TAKSI-VE-HAYAT-768x512.png 768w, https:\/\/avukathht.com\/wp-content\/uploads\/2025\/12\/TAKSI-VE-HAYAT-18x12.png 18w, https:\/\/avukathht.com\/wp-content\/uploads\/2025\/12\/TAKSI-VE-HAYAT-430x287.png 430w, https:\/\/avukathht.com\/wp-content\/uploads\/2025\/12\/TAKSI-VE-HAYAT-700x467.png 700w, https:\/\/avukathht.com\/wp-content\/uploads\/2025\/12\/TAKSI-VE-HAYAT-150x100.png 150w, https:\/\/avukathht.com\/wp-content\/uploads\/2025\/12\/TAKSI-VE-HAYAT.png 1536w\" sizes=\"auto, (max-width: 1200px) 100vw, 1200px\" \/>\t\t\t\t\t<\/div>\n\t\t\t\t\t\t\t\t\t\t<a class=\"wd-fill\" tabindex=\"-1\" href=\"https:\/\/avukathht.com\/en\/2025\/12\/hayatin-yollarinda-bir-taksi-soforu\/\" aria-label=\"Link on post Hayat\u0131n Yollar\u0131nda Bir Taksi \u015eof\u00f6r\u00fc\"><\/a>\n\t\t\t\t\n\t\t\t\t\t\t\t\t\t\t\t\t<div class=\"wd-post-date wd-style-with-bg\">\n\t\t\t\t<span class=\"post-date-day\">\n\t\t\t\t\t01\t\t\t\t<\/span>\n\t\t\t\t<span class=\"post-date-month\">\n\t\t\t\t\tDec\t\t\t\t<\/span>\n\t\t\t<\/div>\n\t\t\t\t\t\t\t\t\t<\/div>\n\t\t\n\t\t<div class=\"wd-post-content article-body-container\">\n\t\t\t\t\t\t\t<div class=\"wd-post-cat wd-style-with-bg meta-post-categories\">\n\t\t\t\t\t<a href=\"https:\/\/avukathht.com\/en\/category\/hayata-dair\/\" rel=\"category tag\">Hayata Dair<\/a>\t\t\t\t<\/div>\n\t\t\t\n\t\t\t\t\t\t\t<h3 class=\"wd-post-title wd-entities-title title post-title\">\n\t\t\t\t\t<a href=\"https:\/\/avukathht.com\/en\/2025\/12\/hayatin-yollarinda-bir-taksi-soforu\/\" rel=\"bookmark\">Hayat\u0131n Yollar\u0131nda Bir Taksi \u015eof\u00f6r\u00fc<\/a>\n\t\t\t\t<\/h3>\n\t\t\t\n\t\t\t\t\t\t\t<div class=\"wd-post-meta\">\n\t\t\t\t\t\t\t\t\t\t\t\t\t\t\t<div class=\"wd-post-author\">\n\t\t\t\t\t\t\t\t\t\t\t<span>Posted by<\/span>\n\t\t\n\t\t\t\t\t<img loading=\"lazy\" decoding=\"async\" src=\"https:\/\/avukathht.com\/wp-content\/uploads\/2025\/11\/logo_kare-150x150.png\" srcset=\"https:\/\/avukathht.com\/wp-content\/uploads\/2025\/11\/logo_kare-150x150.png 2x\" width=\"18\" height=\"18\" alt=\"author-avatar\" class=\"avatar avatar-18 wp-user-avatar wp-user-avatar-18 photo avatar-default\" \/>\t\t\n\t\t\t\t\t<a href=\"https:\/\/avukathht.com\/en\/author\/hasan\/\" class=\"author\" rel=\"author\">AvukatHHT<\/a>\n\t\t\t\t\t\t\t\t\t<\/div>\n\t\t\t\t\t<div class=\"wd-modified-date\">\n\t\t\t\t\t\t\t\t<time class=\"updated\" datetime=\"2025-12-01T17:41:41+00:00\">\n\t\t\tDecember 1, 2025\t\t<\/time>\n\t\t\t\t\t\t\t<\/div>\n\n\t\t\t\t\t\t\t\t\t\t\t<div tabindex=\"0\" class=\"wd-post-share wd-tltp\">\n\t\t\t\t\t\t\t<div class=\"tooltip top\">\n\t\t\t\t\t\t\t\t<div class=\"tooltip-inner\">\n\t\t\t\t\t\t\t\t\t\t\t\t<div\n\t\t\t\t\t\tclass=\" wd-social-icons wd-style-default wd-size-small social-share wd-shape-circle color-scheme-light text-center\">\n\t\t\t\t\n\t\t\t\t\n\t\t\t\t\t\t\t\t\t<a rel=\"noopener noreferrer nofollow\" href=\"https:\/\/www.facebook.com\/sharer\/sharer.php?u=https:\/\/avukathht.com\/en\/2025\/12\/hayatin-yollarinda-bir-taksi-soforu\/\" target=\"_blank\" class=\" wd-social-icon social-facebook\" aria-label=\"Facebook social link\">\n\t\t\t\t\t\t<span class=\"wd-icon\"><\/span>\n\t\t\t\t\t\t\t\t\t\t\t<\/a>\n\t\t\t\t\n\t\t\t\t\t\t\t\t\t<a rel=\"noopener noreferrer nofollow\" href=\"https:\/\/x.com\/share?url=https:\/\/avukathht.com\/en\/2025\/12\/hayatin-yollarinda-bir-taksi-soforu\/\" target=\"_blank\" class=\" wd-social-icon social-twitter\" aria-label=\"X social link\">\n\t\t\t\t\t\t<span class=\"wd-icon\"><\/span>\n\t\t\t\t\t\t\t\t\t\t\t<\/a>\n\t\t\t\t\n\t\t\t\t\n\t\t\t\t\n\t\t\t\t\n\t\t\t\t\n\t\t\t\t\n\t\t\t\t\n\t\t\t\t\n\t\t\t\t\t\t\t\t\t<a rel=\"noopener noreferrer nofollow\" href=\"https:\/\/www.linkedin.com\/shareArticle?mini=true&#038;url=https:\/\/avukathht.com\/en\/2025\/12\/hayatin-yollarinda-bir-taksi-soforu\/\" target=\"_blank\" class=\" wd-social-icon social-linkedin\" aria-label=\"Linkedin social link\">\n\t\t\t\t\t\t<span class=\"wd-icon\"><\/span>\n\t\t\t\t\t\t\t\t\t\t\t<\/a>\n\t\t\t\t\n\t\t\t\t\n\t\t\t\t\n\t\t\t\t\n\t\t\t\t\n\t\t\t\t\n\t\t\t\t\n\t\t\t\t\n\t\t\t\t\n\t\t\t\t\n\t\t\t\t\n\t\t\t\t\n\t\t\t\t\n\t\t\t\t\n\t\t\t\t\n\t\t\t\t\n\t\t\t\t\n\t\t\t<\/div>\n\n\t\t\t\t\t\t\t\t\t\t<\/div>\n\t\t\t\t\t\t\t\t<div class=\"tooltip-arrow\"><\/div>\n\t\t\t\t\t\t\t<\/div>\n\t\t\t\t\t\t<\/div>\n\t\t\t\t\t\n\t\t\t\t\t\t\t\t\t\t\t\t\t\t\t\t\t<div class=\"wd-post-reply wd-style-1\">\n\t\t\t\t\t\t\t<a href=\"https:\/\/avukathht.com\/en\/2025\/12\/hayatin-yollarinda-bir-taksi-soforu\/#respond\"><span class=\"wd-replies-count\">0<\/span><\/a>\t\t\t\t\t\t<\/div>\n\t\t\t\t\t\t\t\t\t<\/div>\n\t\t\t\n\t\t\t\t\t\t\t\t\t\t\t\t<div class=\"wd-post-excerpt entry-content\">\n\t\t\t\t\t\tHer sabah konta\u011f\u0131 \u00e7evirip direksiyonu elime ald\u0131\u011f\u0131mda, asl\u0131nda sadece arabam\u0131 de\u011fil, hayat\u0131m\u0131 da yeniden harekete ge\u00e7iriyorum. \u015eehrin y...\t\t\t\t\t<\/div>\n\t\t\t\t\n\t\t\t\t\t\t\t\t\t\t\t\t\t\t<div class=\"wd-post-read-more wd-style-link read-more-section\">\n\t\t\t\t\t\t<a class=\"\" href=\"https:\/\/avukathht.com\/en\/2025\/12\/hayatin-yollarinda-bir-taksi-soforu\/\">Continue reading<\/a>\t\t\t\t\t<\/div>\n\t\t\t\t\t\t\t\t\t\t\t\t\t<\/div>\n\t<\/div>\n<\/article>\n\n\t\t\t\t\n\t\t\t\t\t\t\t\t<\/div>\n\t\t\t\n\t\t\t\t\t\t\t\t\t\t<\/div>\n\t\t\t\t\t\t\t\t\t\t<\/div>\n\t\t\t\t<\/div>\n\t\t\t\t\t<\/div>\n\t\t<\/div>\n\t\t\t\t\t<\/div>\n\t\t<\/section>\n\t\t\t\t<\/div>\n\t\t","protected":false},"excerpt":{"rendered":"<p>01 Ara Hayata Dair Hayat\u0131n Yollar\u0131nda Bir Taksi \u015eof\u00f6r\u00fc Posted by AvukatHHT Aral\u0131k 1, 2025 0 Her sabah konta\u011f\u0131 \u00e7evirip<\/p>","protected":false},"author":14,"featured_media":0,"parent":0,"menu_order":0,"comment_status":"closed","ping_status":"closed","template":"","meta":{"_coblocks_attr":"","_coblocks_dimensions":"","_coblocks_responsive_height":"","_coblocks_accordion_ie_support":"","footnotes":""},"class_list":["post-17153","page","type-page","status-publish","hentry"],"_links":{"self":[{"href":"https:\/\/avukathht.com\/en\/wp-json\/wp\/v2\/pages\/17153","targetHints":{"allow":["GET"]}}],"collection":[{"href":"https:\/\/avukathht.com\/en\/wp-json\/wp\/v2\/pages"}],"about":[{"href":"https:\/\/avukathht.com\/en\/wp-json\/wp\/v2\/types\/page"}],"author":[{"embeddable":true,"href":"https:\/\/avukathht.com\/en\/wp-json\/wp\/v2\/users\/14"}],"replies":[{"embeddable":true,"href":"https:\/\/avukathht.com\/en\/wp-json\/wp\/v2\/comments?post=17153"}],"version-history":[{"count":19,"href":"https:\/\/avukathht.com\/en\/wp-json\/wp\/v2\/pages\/17153\/revisions"}],"predecessor-version":[{"id":17481,"href":"https:\/\/avukathht.com\/en\/wp-json\/wp\/v2\/pages\/17153\/revisions\/17481"}],"wp:attachment":[{"href":"https:\/\/avukathht.com\/en\/wp-json\/wp\/v2\/media?parent=17153"}],"curies":[{"name":"wp","href":"https:\/\/api.w.org\/{rel}","templated":true}]}}