{"id":3,"date":"2022-02-10T07:40:17","date_gmt":"2022-02-10T07:40:17","guid":{"rendered":"https:\/\/avukathht.com\/?page_id=3"},"modified":"2023-11-25T10:38:22","modified_gmt":"2023-11-25T10:38:22","slug":"privacy-policy","status":"publish","type":"page","link":"https:\/\/avukathht.com\/en\/privacy-policy\/","title":{"rendered":"Gizlilik Bildirimi"},"content":{"rendered":"<p>Dem\u0131t Company , web sitesi ziyaret\u00e7ilerinin gizlili\u011fine, \u00f6zellikle de ki\u015fisel verilerin otomatik olarak i\u015flenmesine ili\u015fkin haklar\u0131na sayg\u0131 g\u00f6stermektedir. Bu nedenle, ki\u015fisel verilerin i\u015flenmesi, ama\u00e7(lar)\u0131 ve yasal haklar\u0131n\u0131z\u0131 m\u00fcmk\u00fcn olan en iyi \u015fekilde kullanma olanaklar\u0131 konusunda m\u00fc\u015fterilerimizle tam \u015feffafl\u0131\u011fa y\u00f6nelik bir politika olu\u015fturduk ve uygulad\u0131k.<\/p>\n\n\n\n<p>Ki\u015fisel verilerin korunmas\u0131na ili\u015fkin ek bilgiye ihtiya\u00e7 duyarsan\u0131z l\u00fctfen Hollanda Veri Koruma Kurumunun (Autoriteit Persoonsgegevens) web sitesini ziyaret edin: https:\/\/autoriteitpersoonsgegevens.nl\/nl (https:\/\/autoriteitpersoonsgegevens.nl\/nl).<\/p>\n\n\n\n<p>\u00c7erezlerin ve di\u011fer izleme cihazlar\u0131n\u0131n kullan\u0131m\u0131n\u0131 kabul edene kadar bilgisayar\u0131n\u0131za, cep telefonunuza veya tabletinize anonim olmayan analitik \u00e7erezler ve\/veya izleme \u00e7erezleri yerle\u015ftirmeyece\u011fiz.<\/p>\n\n\n\n<p>Bu web sitesini ziyaret etmeye devam ederek, bu kullan\u0131m ko\u015fullar\u0131n\u0131 ve web sitemizde \u00e7erezleri kabul etmek i\u00e7in ba\u015fka bir y\u00f6ntem sunmad\u0131\u011f\u0131m\u0131z s\u00fcrece, \u00e7erezlerin ve di\u011fer izleme sistemlerinin kullan\u0131m\u0131n\u0131 kabul etmi\u015f olursunuz.<\/p>\n\n\n\n<p>Bu gizlilik politikas\u0131n\u0131n mevcut mevcut s\u00fcr\u00fcm\u00fc, web sitemizi ziyaret etti\u011finizde, mevcut s\u00fcr\u00fcm\u00fcn yerini yeni bir s\u00fcr\u00fcm alana kadar ge\u00e7erli olan tek s\u00fcr\u00fcmd\u00fcr.<\/p>\n\n\n\n<p>Madde 1 \u2013 Tan\u0131mlar<\/p>\n\n\n\n<p>1. Web Sitesi (bundan b\u00f6yle: \u201cWeb Sitesi\u201d) www.avukathht.com&nbsp;<\/p>\n\n\n\n<p>2. Ki\u015fisel verilerin i\u015flenmesinden sorumlu taraf (bundan sonra: \u201ckontrol\u00f6r\u201d olarak an\u0131lacakt\u0131r):<\/p>\n\n\n\n<p>Dem\u0131t Company, Lekstraat 32,2025 RG Haarlem, Hollanda adresinde kurulmu\u015ftur, Ticaret Odas\u0131 numaras\u0131: 87479680<\/p>\n\n\n\n<p>Madde 2 \u2013 Siteye Eri\u015fim<\/p>\n\n\n\n<p>Web sitesine eri\u015fim ve sitenin kullan\u0131m\u0131 kesinlikle ki\u015fiseldir. Bu web sitesindeki veri ve bilgileri kendi ticari, politik veya reklam ama\u00e7lar\u0131n\u0131z i\u00e7in ve ayr\u0131ca herhangi bir ticari teklif, \u00f6zellikle istenmeyen elektronik teklifler i\u00e7in kullanmaktan ka\u00e7\u0131nacaks\u0131n\u0131z.<\/p>\n\n\n\n<p>Madde 3 \u2013 Web Sitesi \u0130\u00e7eri\u011fi<\/p>\n\n\n\n<p>Bu web sitesini i\u015fletmek i\u00e7in kullan\u0131labilecek t\u00fcm markalar, resimler, metinler, yorumlar, il\u00fcstrasyonlar (animasyonlu) g\u00f6rseller, video g\u00f6r\u00fcnt\u00fcleri, sesler ve t\u00fcm teknik uygulamalar ve daha genel olarak bu web sitesinde kullan\u0131lan t\u00fcm bile\u015fenler, fikri m\u00fclkiyet kanunlar\u0131 taraf\u0131ndan korunmaktad\u0131r. m\u00fclk. Kontrol\u00f6r\u00fcn \u00f6nceden yaz\u0131l\u0131 izni olmaks\u0131z\u0131n, teknik uygulamalar da dahil olmak \u00fczere, tamam\u0131n\u0131n veya bir k\u0131sm\u0131n\u0131n herhangi bir y\u00f6ntemle \u00e7o\u011falt\u0131lmas\u0131, tekrarlanmas\u0131, kullan\u0131lmas\u0131 veya de\u011fi\u015ftirilmesi kesinlikle yasakt\u0131r. Kontrol\u00f6r\u00fcn herhangi bir ihlale kar\u015f\u0131 derhal harekete ge\u00e7ememesi, z\u0131mni bir r\u0131za veya ihlal eden taraf\u0131 kovu\u015fturma hakk\u0131ndan feragat olarak de\u011ferlendirilemez.<\/p>\n\n\n\n<p>Madde 4 \u2013 Web sitesinin y\u00f6netimi<\/p>\n\n\n\n<p>Sitenin uygun \u015fekilde y\u00f6netilmesi amac\u0131yla, kontrol\u00f6r herhangi bir zamanda:<\/p>\n\n\n\n<p>belirli bir ziyaret\u00e7i kategorisi i\u00e7in web sitesine eri\u015fimi ask\u0131ya alabilir, kesintiye u\u011fratabilir, azaltabilir veya reddedebilir<\/p>\n\n\n\n<p>Sitenin \u00e7al\u0131\u015fmas\u0131n\u0131 bozabilecek, ulusal veya uluslararas\u0131 kanunlara ayk\u0131r\u0131 veya internet adab\u0131na ayk\u0131r\u0131 t\u00fcm bilgilerin silinmesi, g\u00fcncelleme yap\u0131labilmesi i\u00e7in sitenin ge\u00e7ici olarak kullan\u0131m d\u0131\u015f\u0131 b\u0131rak\u0131lmas\u0131<\/p>\n\n\n\n<p>Madde 5 \u2013 Sorumluluklar<\/p>\n\n\n\n<p>Denetleyici, web sitesinin i\u015fleyi\u015findeki, web sitesine veya herhangi bir i\u015flevine (ge\u00e7ici olarak) eri\u015filememesine neden olan herhangi bir ar\u0131za, rahats\u0131zl\u0131k, zorluk veya kesintiden sorumlu de\u011fildir. Web sitemize ba\u011flanma \u015feklinizden kendiniz sorumlusunuz. Ekipman\u0131n\u0131z\u0131 ve verilerinizi \u0130nternet&#8217;teki vir\u00fcs sald\u0131r\u0131lar\u0131 gibi tehlikelere kar\u015f\u0131 korumak i\u00e7in t\u00fcm uygun ad\u0131mlar\u0131 atman\u0131z gerekir. Ayr\u0131ca, hangi web sitelerini ziyaret etti\u011finizden ve hangi bilgileri arad\u0131\u011f\u0131n\u0131zdan siz sorumlusunuz.<\/p>\n\n\n\n<p>Kontrol\u00f6r, a\u015fa\u011f\u0131daki durumlarda aleyhinize a\u00e7\u0131lan herhangi bir yasal i\u015flemden sorumlu de\u011fildir: \u0130nternet \u00fczerinden eri\u015filebilen web sitesinin veya hizmetlerin bu gizlilik politikas\u0131n\u0131n \u015fartlar\u0131n\u0131 ihlal etmesi nedeniyle kullan\u0131lmas\u0131 nedeniyle<\/p>\n\n\n\n<p>Kontrol\u00f6r, web sitesine ba\u011flanman\u0131z veya web sitesini kullanman\u0131z sonucunda size veya \u00fc\u00e7\u00fcnc\u00fc taraflara veya ekipman\u0131n\u0131za gelebilecek herhangi bir zarardan sorumlu de\u011fildir ve kontrol\u00f6re kar\u015f\u0131 daha sonra herhangi bir (yasal) i\u015flem yapmaktan ka\u00e7\u0131nacaks\u0131n\u0131z.<\/p>\n\n\n\n<p>Kontrol\u00f6r bu web sitesini (k\u00f6t\u00fcye) kullanman\u0131z nedeniyle bir anla\u015fmazl\u0131\u011fa kar\u0131\u015f\u0131rsa, daha sonraki t\u00fcm zararlar\u0131 sizden talep etme (yeniden) talep etme hakk\u0131na sahiptir.<\/p>\n\n\n\n<p>Madde 6 \u2013 Verilerin toplanmas\u0131<\/p>\n\n\n\n<p>Ki\u015fisel verileriniz Demit Company ve (bir) harici i\u015flemci(ler) taraf\u0131ndan toplanacakt\u0131r.<\/p>\n\n\n\n<p>Ki\u015fisel veriler, kimli\u011fi belirli veya belirlenebilir bir ger\u00e7ek ki\u015fiye (&#8216;veri sahibi&#8217;) ili\u015fkin her t\u00fcrl\u00fc bilgi anlam\u0131na gelir.<\/p>\n\n\n\n<p>Kimli\u011fi belirlenebilir ger\u00e7ek ki\u015fi, do\u011frudan veya dolayl\u0131 olarak, \u00f6zellikle isim, kimlik numaras\u0131, konum verileri, \u00e7evrimi\u00e7i tan\u0131mlay\u0131c\u0131 gibi bir tan\u0131mlay\u0131c\u0131ya veya fiziksel, fizyolojik, o ger\u00e7ek ki\u015finin genetik, zihinsel, ekonomik, k\u00fclt\u00fcrel veya sosyal kimli\u011fi.<\/p>\n\n\n\n<p>Web sitesinde toplanan ki\u015fisel veriler esas olarak toplay\u0131c\u0131 taraf\u0131ndan sizinle (ticari) bir ili\u015fki s\u00fcrd\u00fcrmek ve varsa sipari\u015flerinizi i\u015fleme koymak i\u00e7in kullan\u0131l\u0131r. Hollanda&#8217;ya bildirilen (elektronik) bir sicile kaydedilirler.<\/p>\n\n\n\n<p>Madde 7 \u2013 Bilgiye ili\u015fkin haklar\u0131n\u0131z<\/p>\n\n\n\n<p>GDPR&#8217;nin 13. maddesinin 2. paragraf\u0131n\u0131n b bendi uyar\u0131nca, her veri sahibi, ki\u015fisel verileri hakk\u0131nda bilgi edinme ve bu verilere eri\u015fme, ki\u015fisel verilerinin i\u015flenmesini d\u00fczeltme, silme ve k\u0131s\u0131tlama hakk\u0131n\u0131n yan\u0131 s\u0131ra i\u015flemeye itiraz etme ve veri alma hakk\u0131na sahiptir. ta\u015f\u0131nabilirlik.<\/p>\n\n\n\n<p>Bu haklar\u0131 avukathhtanriverdi@gmail.com adresinden bizimle ileti\u015fime ge\u00e7erek kullanabilirsiniz.<\/p>\n\n\n\n<p>Her talebe, imzan\u0131z\u0131 att\u0131\u011f\u0131n\u0131z ve sizinle ileti\u015fime ge\u00e7ebilece\u011fimiz adresi belirtti\u011finiz ge\u00e7erli bir kimlik belgesinin bir kopyas\u0131 e\u015flik etmelidir.<\/p>\n\n\n\n<p>Talebinizin iletilmesinden itibaren bir ay i\u00e7inde bizden bir yan\u0131t alacaks\u0131n\u0131z.<\/p>\n\n\n\n<p>Taleplerin karma\u015f\u0131kl\u0131\u011f\u0131na ve say\u0131s\u0131na ba\u011fl\u0131 olarak bu s\u00fcre iki aya kadar uzat\u0131labilir.<\/p>\n\n\n\n<p>Madde 8 \u2013 Yasal y\u00fck\u00fcml\u00fcl\u00fckler<\/p>\n\n\n\n<p>1. Ziyaret\u00e7iden \u015f\u00fcphelenilen ve yetkililerin toplay\u0131c\u0131 taraf\u0131ndan toplanan ki\u015fisel verilere ihtiya\u00e7 duydu\u011fu herhangi bir yasa veya y\u00f6netmeli\u011fin ihlali durumunda, bu bilgiler s\u00f6z konusu yetkililerin a\u00e7\u0131k ve gerek\u00e7eli talebi \u00fczerine kendisine sa\u011flanacakt\u0131r. bu ki\u015fisel veriler art\u0131k bu Gizlilik Politikas\u0131 h\u00fck\u00fcmlerinin korumas\u0131 alt\u0131na girmemektedir.<\/p>\n\n\n\n<p>2. Web sitesinin belirli \u00f6zelliklerine eri\u015fim sa\u011flamak i\u00e7in herhangi bir bilginin gerekli olmas\u0131 durumunda, kontrol\u00f6r bu verileri talep ederken bu bilgilerin zorunlu niteli\u011fini belirtecektir.<\/p>\n\n\n\n<p>Madde 9 \u2013 Toplanan veriler ve ticari teklifler<\/p>\n\n\n\n<p>Koleksiyoncudan ticari teklifler alabilirsiniz. Bunlar\u0131 (art\u0131k) almak istemiyorsan\u0131z, l\u00fctfen bize a\u015fa\u011f\u0131daki adrese bir e-posta g\u00f6nderin.<\/p>\n\n\n\n<p>adres: avukathhtanriverdi@gmail.com<\/p>\n\n\n\n<p>Ki\u015fisel verileriniz ortaklar\u0131m\u0131z taraf\u0131ndan ticari ama\u00e7larla kullan\u0131labilir. Bunun olmas\u0131n\u0131 istemiyorsan\u0131z l\u00fctfen bize a\u015fa\u011f\u0131daki adrese bir e-posta g\u00f6nderin: info@arslanlitadvocaten.nl.<\/p>\n\n\n\n<p>Web sitemizi ziyaret etti\u011finizde di\u011fer veri sahiplerine ait herhangi bir ki\u015fisel veriyle kar\u015f\u0131la\u015f\u0131rsan\u0131z, s\u00f6z konusu veri sahibinin\/ki\u015filerinin mahremiyetini ihlal edecek \u015fekilde toplamaktan, her t\u00fcrl\u00fc yetkisiz kullan\u0131mdan veya ba\u015fka herhangi bir eylemden ka\u00e7\u0131nmal\u0131s\u0131n\u0131z. Bu durumlarda koleksiyoncu sorumlu de\u011fildir.<\/p>\n\n\n\n<p>Madde 10 \u2013 Veri Saklama<\/p>\n\n\n\n<p>Toplanan veriler kanunla belirlenen s\u00fcre boyunca kullan\u0131l\u0131r ve saklan\u0131r.<\/p>\n\n\n\n<p>Madde 11 \u2013 \u00c7erezler<\/p>\n\n\n\n<p>\u00c7erez, web sitemizi ziyaret etti\u011finizde elektronik cihaz\u0131n\u0131z\u0131n sabit diskine yerle\u015ftirilen k\u00fc\u00e7\u00fck bir metin dosyas\u0131d\u0131r. \u00c7erez, web sitemizi ziyaret etti\u011finizde ziyaret\u00e7i olarak tan\u0131nabilmeniz i\u00e7in veriler i\u00e7erir. \u0130htiya\u00e7lar\u0131n\u0131za g\u00f6re ayarlama yapmam\u0131z\u0131 sa\u011flar ve web sitemizde oturum a\u00e7man\u0131z\u0131 kolayla\u015ft\u0131r\u0131r. Web sitemizi ziyaret etti\u011finizde sizi \u00e7erezlerin kullan\u0131m\u0131 konusunda bilgilendiriyoruz. Web sitemizi kullanmaya devam ederek, ba\u015fka yollarla izin istemedi\u011fimiz s\u00fcrece, web sitemizin kullan\u0131m\u0131n\u0131 kabul etmi\u015f olursunuz. Onay\u0131n\u0131z on \u00fc\u00e7 ay s\u00fcreyle ge\u00e7erlidir.<\/p>\n\n\n\n<p>Web sitemizde a\u015fa\u011f\u0131daki \u00e7erez t\u00fcrlerini kullan\u0131yoruz:<\/p>\n\n\n\n<p>\u0130\u015flevsel \u00e7erezler: oturum ve giri\u015f bilgilerini toplamak i\u00e7in oturum ve giri\u015f \u00e7erezleri gibi.<\/p>\n\n\n\n<p>Anonimle\u015ftirilmi\u015f Analitik \u00e7erezler: ziyaret\u00e7i say\u0131s\u0131, pop\u00fcler sayfalar ve konular gibi web sitemize yap\u0131lan ziyaretlerle ilgili bilgi almak i\u00e7in. Bu \u015fekilde ileti\u015fimimizi ve bilgilerimizi ziyaret\u00e7ilerimizin ihtiya\u00e7lar\u0131na g\u00f6re ayarlayabiliriz. Sitelerimizi kimlerin ziyaret etti\u011fini veya ziyaretin hangi ki\u015fisel cihazdan ger\u00e7ekle\u015fti\u011fini g\u00f6remiyoruz.<\/p>\n\n\n\n<p>Anonim olmayan Analitik \u00e7erezler: Ziyaret\u00e7i say\u0131s\u0131, pop\u00fcler sayfalar ve konular gibi web sitemize yap\u0131lan ziyaretlerle ilgili bilgi almak i\u00e7in. Bu \u015fekilde ileti\u015fimimizi ve bilgilerimizi ziyaret\u00e7ilerimizin ihtiya\u00e7lar\u0131na g\u00f6re ayarlayabiliriz.<\/p>\n\n\n\n<p>\u0130zleme \u00c7erezleri: \u0130lgili reklamlar\u0131 g\u00f6stermeyi ama\u00e7layan reklam \u00e7erezleri gibi. Bu \u00e7erezleri kullanarak ki\u015fisel ilgi alanlar\u0131n\u0131z\u0131 anlayabiliriz. Bu nedenle (di\u011fer) kurulu\u015flar, web sitelerini ziyaret etti\u011finizde size hedefli reklamlar g\u00f6sterebilir. \u0130zleme \u00e7erezleri, profil olu\u015fturmay\u0131 m\u00fcmk\u00fcn k\u0131lar ve reklamlar\u0131 hedeflerken insan kategorilerine farkl\u0131 \u015fekilde davran\u0131r. \u0130zleme \u00e7erezleri genellikle ki\u015fisel verileri i\u015fler.<\/p>\n\n\n\n<p>Web sitemizi ziyaret etti\u011finizde, denetleyiciden ve\/veya \u00fc\u00e7\u00fcnc\u00fc taraflardan gelen \u00e7erezler ekipman\u0131n\u0131za y\u00fcklenebilir.<\/p>\n\n\n\n<p>Her elektronik cihaz i\u00e7in \u00e7erezlerin kullan\u0131lmas\u0131, y\u00f6netilmesi ve silinmesi hakk\u0131nda daha fazla bilgi i\u00e7in sizi a\u015fa\u011f\u0131daki ba\u011flant\u0131ya ba\u015fvurmaya davet ediyoruz:&nbsp; https: \/ \/ a u t o r i t e i tpersoonsgegevens.nl \/ nl \/onderwerpen\/internet-telefoon-tv-en-post\/cookies#faq<\/p>\n\n\n\n<p>Madde 12 \u2013 Sunulan g\u00f6rseller ve \u00fcr\u00fcnler<\/p>\n\n\n\n<p>Web sitemizde sunulan herhangi bir \u00fcr\u00fcne e\u015flik eden g\u00f6r\u00fcnt\u00fclerden herhangi bir hak elde edemezsiniz.<\/p>\n\n\n\n<p>Madde 13 \u2013 Uygulanacak Hukuk<\/p>\n\n\n\n<p>Bu ko\u015fullar Hollanda yasalar\u0131na tabidir. Bu ko\u015fullarla ilgili herhangi bir anla\u015fmazl\u0131\u011f\u0131n ortaya \u00e7\u0131kmas\u0131 durumunda, yasal bir istisnan\u0131n ge\u00e7erli oldu\u011fu durumlar d\u0131\u015f\u0131nda, koleksiyoncunun i\u015f yerinin bulundu\u011fu b\u00f6lgedeki mahkeme tek yarg\u0131 yetkisine sahiptir.<\/p>\n\n\n\n<p>Madde 14 \u2013 \u0130leti\u015fim<\/p>\n\n\n\n<p>Sorular\u0131n\u0131z, \u00fcr\u00fcn bilgileri veya web sitesinin kendisiyle ilgili bilgiler i\u00e7in l\u00fctfen ileti\u015fime ge\u00e7in: H.H.TANRIVERDI , info +31 684 135 648<\/p>","protected":false},"excerpt":{"rendered":"<p>Dem\u0131t Company , web sitesi ziyaret\u00e7ilerinin gizlili\u011fine, \u00f6zellikle de ki\u015fisel verilerin otomatik olarak i\u015flenmesine ili\u015fkin haklar\u0131na sayg\u0131 g\u00f6stermektedir. Bu nedenle,<\/p>","protected":false},"author":1,"featured_media":0,"parent":0,"menu_order":0,"comment_status":"closed","ping_status":"closed","template":"","meta":{"_coblocks_attr":"","_coblocks_dimensions":"","_coblocks_responsive_height":"","_coblocks_accordion_ie_support":"","footnotes":""},"class_list":["post-3","page","type-page","status-publish","hentry"],"_links":{"self":[{"href":"https:\/\/avukathht.com\/en\/wp-json\/wp\/v2\/pages\/3","targetHints":{"allow":["GET"]}}],"collection":[{"href":"https:\/\/avukathht.com\/en\/wp-json\/wp\/v2\/pages"}],"about":[{"href":"https:\/\/avukathht.com\/en\/wp-json\/wp\/v2\/types\/page"}],"author":[{"embeddable":true,"href":"https:\/\/avukathht.com\/en\/wp-json\/wp\/v2\/users\/1"}],"replies":[{"embeddable":true,"href":"https:\/\/avukathht.com\/en\/wp-json\/wp\/v2\/comments?post=3"}],"version-history":[{"count":2,"href":"https:\/\/avukathht.com\/en\/wp-json\/wp\/v2\/pages\/3\/revisions"}],"predecessor-version":[{"id":16718,"href":"https:\/\/avukathht.com\/en\/wp-json\/wp\/v2\/pages\/3\/revisions\/16718"}],"wp:attachment":[{"href":"https:\/\/avukathht.com\/en\/wp-json\/wp\/v2\/media?parent=3"}],"curies":[{"name":"wp","href":"https:\/\/api.w.org\/{rel}","templated":true}]}}