{"id":46,"date":"2022-02-16T01:26:57","date_gmt":"2022-02-16T01:26:57","guid":{"rendered":"https:\/\/avukathht.com\/?page_id=46"},"modified":"2023-11-23T11:33:39","modified_gmt":"2023-11-23T11:33:39","slug":"ticari-danismanlik","status":"publish","type":"page","link":"https:\/\/avukathht.com\/en\/hizmetlerimiz\/ticari-danismanlik\/","title":{"rendered":"Commercial Consulting"},"content":{"rendered":"<div data-elementor-type=\"wp-page\" data-elementor-id=\"46\" class=\"elementor elementor-46\">\n\t\t\t\t\t\t<section class=\"wd-negative-gap elementor-section elementor-top-section elementor-element elementor-element-f46bc2b elementor-section-boxed elementor-section-height-default elementor-section-height-default\" data-id=\"f46bc2b\" data-element_type=\"section\" data-e-type=\"section\">\n\t\t\t\t\t\t<div class=\"elementor-container elementor-column-gap-default\">\n\t\t\t\t\t<div class=\"elementor-column elementor-col-100 elementor-top-column elementor-element elementor-element-d7b51c8\" data-id=\"d7b51c8\" data-element_type=\"column\" data-e-type=\"column\">\n\t\t\t<div class=\"elementor-widget-wrap elementor-element-populated\">\n\t\t\t\t\t\t<div class=\"elementor-element elementor-element-837a0f4 wd-width-100 elementor-widget elementor-widget-wd_title\" data-id=\"837a0f4\" data-element_type=\"widget\" data-e-type=\"widget\" data-widget_type=\"wd_title.default\">\n\t\t\t\t<div class=\"elementor-widget-container\">\n\t\t\t\t\t\t\t<div class=\"title-wrapper wd-set-mb reset-last-child wd-title-color-primary wd-title-style-bordered wd-title-size-default text-center\">\n\n\t\t\t\n\t\t\t<div class=\"liner-continer\">\n\t\t\t\t<h4 class=\"woodmart-title-container title wd-fontsize-l\">T\u0130CAR\u0130 DANI\u015eMANLIK <\/h4> \n\t\t\t\t\t\t\t<\/div>\n\n\t\t\t\t\t<\/div>\n\t\t\t\t\t\t<\/div>\n\t\t\t\t<\/div>\n\t\t\t\t<section class=\"wd-negative-gap elementor-section elementor-inner-section elementor-element elementor-element-5642180 elementor-section-boxed elementor-section-height-default elementor-section-height-default\" data-id=\"5642180\" data-element_type=\"section\" data-e-type=\"section\">\n\t\t\t\t\t\t<div class=\"elementor-container elementor-column-gap-extended\">\n\t\t\t\t\t<div class=\"elementor-column elementor-col-50 elementor-inner-column elementor-element elementor-element-9d536c9\" data-id=\"9d536c9\" data-element_type=\"column\" data-e-type=\"column\">\n\t\t\t<div class=\"elementor-widget-wrap elementor-element-populated\">\n\t\t\t\t\t\t<div class=\"elementor-element elementor-element-b20442f elementor-widget elementor-widget-wd_menu_price\" data-id=\"b20442f\" data-element_type=\"widget\" data-e-type=\"widget\" data-widget_type=\"wd_menu_price.default\">\n\t\t\t\t<div class=\"elementor-widget-container\">\n\t\t\t\t\t\t\t<div class=\"wd-menu-price wd-with-link\">\n\t\t\t\n\t\t\t<div class=\"menu-price-desc-wrapp\">\n\t\t\t\t<div class=\"menu-price-heading\">\n\t\t\t\t\t\t\t\t\t\t\t<h3 class=\"menu-price-title wd-entities-title\">\n\t\t\t\t\t\t\t<span >\n\t\t\t\t\t\t\t\t \u015e\u0130RKET DANI\u015eMANLI\u011eI\t\t\t\t\t\t\t<\/span>\n\t\t\t\t\t\t<\/h3>\n\t\t\t\t\t\n\t\t\t\t\t<div class=\"menu-price-price amount\">\n\t\t\t\t\t\t\t\t\t\t\t<\/div>\n\t\t\t\t<\/div>\n\n\t\t\t\t\t\t\t<\/div>\n\n\t\t\t\t\t\t\t<a href=\"https:\/\/avukathht.com\/en\/sirket-danismanligi\/\" class=\"wd-menu-price-link wd-fill\" aria-label=\"Menu price link\"><\/a>\n\t\t\t\n\t\t<\/div>\n\t\t\t\t\t\t<\/div>\n\t\t\t\t<\/div>\n\t\t\t\t<div class=\"elementor-element elementor-element-04214a5 elementor-widget elementor-widget-wd_menu_price\" data-id=\"04214a5\" data-element_type=\"widget\" data-e-type=\"widget\" data-widget_type=\"wd_menu_price.default\">\n\t\t\t\t<div class=\"elementor-widget-container\">\n\t\t\t\t\t\t\t<div class=\"wd-menu-price wd-with-link\">\n\t\t\t\n\t\t\t<div class=\"menu-price-desc-wrapp\">\n\t\t\t\t<div class=\"menu-price-heading\">\n\t\t\t\t\t\t\t\t\t\t\t<h3 class=\"menu-price-title wd-entities-title\">\n\t\t\t\t\t\t\t<span >\n\t\t\t\t\t\t\t\tMAL\u0130 MU\u015eAV\u0130RL\u0130K H\u0130ZMETLER\u0130 \t\t\t\t\t\t\t<\/span>\n\t\t\t\t\t\t<\/h3>\n\t\t\t\t\t\n\t\t\t\t\t<div class=\"menu-price-price amount\">\n\t\t\t\t\t\t\t\t\t\t\t<\/div>\n\t\t\t\t<\/div>\n\n\t\t\t\t\t\t\t<\/div>\n\n\t\t\t\t\t\t\t<a href=\"https:\/\/avukathht.com\/en\/mali-musavirlik-hizmetleri\/\" class=\"wd-menu-price-link wd-fill\" aria-label=\"Menu price link\"><\/a>\n\t\t\t\n\t\t<\/div>\n\t\t\t\t\t\t<\/div>\n\t\t\t\t<\/div>\n\t\t\t\t\t<\/div>\n\t\t<\/div>\n\t\t\t\t<div class=\"elementor-column elementor-col-50 elementor-inner-column elementor-element elementor-element-199af75\" data-id=\"199af75\" data-element_type=\"column\" data-e-type=\"column\">\n\t\t\t<div class=\"elementor-widget-wrap elementor-element-populated\">\n\t\t\t\t\t\t<div class=\"elementor-element elementor-element-694fcee elementor-widget elementor-widget-wd_menu_price\" data-id=\"694fcee\" data-element_type=\"widget\" data-e-type=\"widget\" data-widget_type=\"wd_menu_price.default\">\n\t\t\t\t<div class=\"elementor-widget-container\">\n\t\t\t\t\t\t\t<div class=\"wd-menu-price wd-with-link\">\n\t\t\t\n\t\t\t<div class=\"menu-price-desc-wrapp\">\n\t\t\t\t<div class=\"menu-price-heading\">\n\t\t\t\t\t\t\t\t\t\t\t<h3 class=\"menu-price-title wd-entities-title\">\n\t\t\t\t\t\t\t<span >\n\t\t\t\t\t\t\t\tVERG\u0130 VE F\u0130NANS DANI\u015eMANLI\u011eI\t\t\t\t\t\t\t<\/span>\n\t\t\t\t\t\t<\/h3>\n\t\t\t\t\t\n\t\t\t\t\t<div class=\"menu-price-price amount\">\n\t\t\t\t\t\t\t\t\t\t\t<\/div>\n\t\t\t\t<\/div>\n\n\t\t\t\t\t\t\t<\/div>\n\n\t\t\t\t\t\t\t<a href=\"https:\/\/avukathht.com\/en\/vergi-ve-finans-danismanligi\/\" class=\"wd-menu-price-link wd-fill\" aria-label=\"Menu price link\"><\/a>\n\t\t\t\n\t\t<\/div>\n\t\t\t\t\t\t<\/div>\n\t\t\t\t<\/div>\n\t\t\t\t<div class=\"elementor-element elementor-element-5c13d05 elementor-widget elementor-widget-wd_menu_price\" data-id=\"5c13d05\" data-element_type=\"widget\" data-e-type=\"widget\" data-widget_type=\"wd_menu_price.default\">\n\t\t\t\t<div class=\"elementor-widget-container\">\n\t\t\t\t\t\t\t<div class=\"wd-menu-price wd-with-link\">\n\t\t\t\n\t\t\t<div class=\"menu-price-desc-wrapp\">\n\t\t\t\t<div class=\"menu-price-heading\">\n\t\t\t\t\t\t\t\t\t\t\t<h3 class=\"menu-price-title wd-entities-title\">\n\t\t\t\t\t\t\t<span >\n\t\t\t\t\t\t\t\tDI\u015e T\u0130CARET VE G\u00dcMR\u00dcK DANI\u015eMANLI\u011eI  \t\t\t\t\t\t\t<\/span>\n\t\t\t\t\t\t<\/h3>\n\t\t\t\t\t\n\t\t\t\t\t<div class=\"menu-price-price amount\">\n\t\t\t\t\t\t\t\t\t\t\t<\/div>\n\t\t\t\t<\/div>\n\n\t\t\t\t\t\t\t<\/div>\n\n\t\t\t\t\t\t\t<a href=\"https:\/\/avukathht.com\/en\/dis-ticaret-ve-gumruk-danismanligi\/\" class=\"wd-menu-price-link wd-fill\" aria-label=\"Menu price link\"><\/a>\n\t\t\t\n\t\t<\/div>\n\t\t\t\t\t\t<\/div>\n\t\t\t\t<\/div>\n\t\t\t\t\t<\/div>\n\t\t<\/div>\n\t\t\t\t\t<\/div>\n\t\t<\/section>\n\t\t\t\t\t<\/div>\n\t\t<\/div>\n\t\t\t\t\t<\/div>\n\t\t<\/section>\n\t\t\t\t<section class=\"wd-negative-gap elementor-section elementor-top-section elementor-element elementor-element-c55eeeb elementor-section-boxed elementor-section-height-default elementor-section-height-default\" data-id=\"c55eeeb\" data-element_type=\"section\" data-e-type=\"section\">\n\t\t\t\t\t\t<div class=\"elementor-container elementor-column-gap-default\">\n\t\t\t\t\t<div class=\"elementor-column elementor-col-100 elementor-top-column elementor-element elementor-element-fc0500c\" data-id=\"fc0500c\" data-element_type=\"column\" data-e-type=\"column\">\n\t\t\t<div class=\"elementor-widget-wrap elementor-element-populated\">\n\t\t\t\t\t\t<div class=\"elementor-element elementor-element-ef81e2a elementor-widget-divider--view-line elementor-widget elementor-widget-divider\" data-id=\"ef81e2a\" data-element_type=\"widget\" data-e-type=\"widget\" data-widget_type=\"divider.default\">\n\t\t\t\t<div class=\"elementor-widget-container\">\n\t\t\t\t\t\t\t<div class=\"elementor-divider\">\n\t\t\t<span class=\"elementor-divider-separator\">\n\t\t\t\t\t\t<\/span>\n\t\t<\/div>\n\t\t\t\t\t\t<\/div>\n\t\t\t\t<\/div>\n\t\t\t\t\t<\/div>\n\t\t<\/div>\n\t\t\t\t\t<\/div>\n\t\t<\/section>\n\t\t\t\t<\/div>","protected":false},"excerpt":{"rendered":"","protected":false},"author":1,"featured_media":0,"parent":41,"menu_order":0,"comment_status":"closed","ping_status":"closed","template":"","meta":{"_coblocks_attr":"","_coblocks_dimensions":"","_coblocks_responsive_height":"","_coblocks_accordion_ie_support":"","footnotes":""},"class_list":["post-46","page","type-page","status-publish","hentry"],"_links":{"self":[{"href":"https:\/\/avukathht.com\/en\/wp-json\/wp\/v2\/pages\/46","targetHints":{"allow":["GET"]}}],"collection":[{"href":"https:\/\/avukathht.com\/en\/wp-json\/wp\/v2\/pages"}],"about":[{"href":"https:\/\/avukathht.com\/en\/wp-json\/wp\/v2\/types\/page"}],"author":[{"embeddable":true,"href":"https:\/\/avukathht.com\/en\/wp-json\/wp\/v2\/users\/1"}],"replies":[{"embeddable":true,"href":"https:\/\/avukathht.com\/en\/wp-json\/wp\/v2\/comments?post=46"}],"version-history":[{"count":35,"href":"https:\/\/avukathht.com\/en\/wp-json\/wp\/v2\/pages\/46\/revisions"}],"predecessor-version":[{"id":16379,"href":"https:\/\/avukathht.com\/en\/wp-json\/wp\/v2\/pages\/46\/revisions\/16379"}],"up":[{"embeddable":true,"href":"https:\/\/avukathht.com\/en\/wp-json\/wp\/v2\/pages\/41"}],"wp:attachment":[{"href":"https:\/\/avukathht.com\/en\/wp-json\/wp\/v2\/media?parent=46"}],"curies":[{"name":"wp","href":"https:\/\/api.w.org\/{rel}","templated":true}]}}