{"id":16483,"date":"2023-11-23T18:25:37","date_gmt":"2023-11-23T18:25:37","guid":{"rendered":"https:\/\/avukathht.com\/?page_id=16483"},"modified":"2025-11-13T18:28:07","modified_gmt":"2025-11-13T18:28:07","slug":"sozlesmeler-hukuku","status":"publish","type":"page","link":"https:\/\/avukathht.com\/tr\/sozlesmeler-hukuku\/","title":{"rendered":"S\u00f6zle\u015fmeler Hukuku"},"content":{"rendered":"\t\t<div data-elementor-type=\"wp-page\" data-elementor-id=\"16483\" class=\"elementor elementor-16483\">\n\t\t\t\t\t\t<section class=\"wd-negative-gap elementor-section elementor-top-section elementor-element elementor-element-448361a elementor-section-content-middle elementor-section-boxed elementor-section-height-default elementor-section-height-default\" data-id=\"448361a\" data-element_type=\"section\" data-e-type=\"section\">\n\t\t\t\t\t\t<div class=\"elementor-container elementor-column-gap-default\">\n\t\t\t\t\t<div class=\"elementor-column elementor-col-50 elementor-top-column elementor-element elementor-element-e8d3a9a\" data-id=\"e8d3a9a\" data-element_type=\"column\" data-e-type=\"column\">\n\t\t\t<div class=\"elementor-widget-wrap elementor-element-populated\">\n\t\t\t\t\t\t<div class=\"elementor-element elementor-element-5bdd4fe elementor-widget elementor-widget-image\" data-id=\"5bdd4fe\" data-element_type=\"widget\" data-e-type=\"widget\" data-widget_type=\"image.default\">\n\t\t\t\t<div class=\"elementor-widget-container\">\n\t\t\t\t\t\t\t\t\t\t\t\t\t\t\t<img loading=\"lazy\" decoding=\"async\" width=\"800\" height=\"800\" src=\"https:\/\/avukathht.com\/wp-content\/uploads\/2023\/11\/sozlesme-800x800.jpg\" class=\"attachment-large size-large wp-image-16691\" alt=\"\" srcset=\"https:\/\/avukathht.com\/wp-content\/uploads\/2023\/11\/sozlesme-800x800.jpg 800w, https:\/\/avukathht.com\/wp-content\/uploads\/2023\/11\/sozlesme-300x300.jpg 300w, https:\/\/avukathht.com\/wp-content\/uploads\/2023\/11\/sozlesme-150x150.jpg 150w, https:\/\/avukathht.com\/wp-content\/uploads\/2023\/11\/sozlesme-768x768.jpg 768w, https:\/\/avukathht.com\/wp-content\/uploads\/2023\/11\/sozlesme-12x12.jpg 12w, https:\/\/avukathht.com\/wp-content\/uploads\/2023\/11\/sozlesme-860x860.jpg 860w, https:\/\/avukathht.com\/wp-content\/uploads\/2023\/11\/sozlesme-430x430.jpg 430w, https:\/\/avukathht.com\/wp-content\/uploads\/2023\/11\/sozlesme-700x700.jpg 700w, https:\/\/avukathht.com\/wp-content\/uploads\/2023\/11\/sozlesme.jpg 1080w\" sizes=\"auto, (max-width: 800px) 100vw, 800px\" \/>\t\t\t\t\t\t\t\t\t\t\t\t\t\t\t<\/div>\n\t\t\t\t<\/div>\n\t\t\t\t\t<\/div>\n\t\t<\/div>\n\t\t\t\t<div class=\"elementor-column elementor-col-50 elementor-top-column elementor-element elementor-element-69c665b text-center\" data-id=\"69c665b\" data-element_type=\"column\" data-e-type=\"column\">\n\t\t\t<div class=\"elementor-widget-wrap elementor-element-populated\">\n\t\t\t\t\t\t<div class=\"elementor-element elementor-element-ae8b273 wd-width-100 elementor-widget elementor-widget-wd_title\" data-id=\"ae8b273\" data-element_type=\"widget\" data-e-type=\"widget\" data-widget_type=\"wd_title.default\">\n\t\t\t\t<div class=\"elementor-widget-container\">\n\t\t\t\t\t\t\t<div class=\"title-wrapper wd-set-mb reset-last-child wd-title-color-default wd-title-style-default wd-title-size-extra-large text-center\">\n\n\t\t\t\n\t\t\t<div class=\"liner-continer\">\n\t\t\t\t<h4 class=\"woodmart-title-container title wd-fontsize-xxxl\">S\u00f6zle\u015fmeler Hukuku<br \/>\n<\/h4> \n\t\t\t\t\t\t\t<\/div>\n\n\t\t\t\t\t\t\t<div class=\"title-after_title reset-last-child wd-fontsize-s\">\n\t\t\t\t\t<p><span style=\"font-weight: 400\">Bilindi\u011fi \u00fczere t\u00fcm bireysel ve kurumsal ili\u015fkilerde s\u00f6zle\u015fmeler \u00e7ok \u00f6nemli bir anlam ifade eder. S\u00f6zle\u015fmelerde yaz\u0131lmayan bir \u00e7ok konunun ileride ciddi sorunlara yol a\u00e7t\u0131\u011f\u0131 ortada oldu\u011fu gibi ya\u015fanan sorunlar\u0131n \u00e7\u00f6z\u00fcmlerinde en \u00f6nemli ara\u00e7lardan biri de\u00a0 d\u00fczg\u00fcn haz\u0131rlanm\u0131\u015f s\u00f6zle\u015fmelerdir.\u00a0<\/span><\/p><p><span style=\"font-weight: 400\">AVUKATHHT Dan\u0131\u015fmanl\u0131k olarak alan\u0131nda uzman avukatlar ve hukukcular\u0131m\u0131z ile sizlere en do\u011fru ve\u00a0 kapsaml\u0131 s\u00f6zle\u015fmeleri haz\u0131rlamak i\u00e7in \u00f6zveri ile \u00e7al\u0131\u015f\u0131yoruz. <\/span><\/p>\t\t\t\t<\/div>\n\t\t\t\t\t<\/div>\n\t\t\t\t\t\t<\/div>\n\t\t\t\t<\/div>\n\t\t\t\t<div class=\"elementor-element elementor-element-0b0d0b9 elementor-widget__width-auto elementor-widget elementor-widget-wd_button\" data-id=\"0b0d0b9\" data-element_type=\"widget\" data-e-type=\"widget\" data-widget_type=\"wd_button.default\">\n\t\t\t\t<div class=\"elementor-widget-container\">\n\t\t\t\t\t\t\t<div class=\"wd-button-wrapper text-left\" >\n\t\t\t<a class=\"btn btn-style-default btn-shape-round btn-size-default btn-icon-pos-right\"  href=\"https:\/\/avukathht.com\/tr\/nasil-calisiyoruz\/\">\n\t\t\t\t<span class=\"wd-btn-text\" data-elementor-setting-key=\"text\">\n\t\t\t\t\tNas\u0131l \u00c7al\u0131\u015f\u0131yoruz\t\t\t\t<\/span>\n\n\t\t\t\t\t\t\t<\/a>\n\t\t<\/div>\n\t\t\t\t\t\t<\/div>\n\t\t\t\t<\/div>\n\t\t\t\t<div class=\"elementor-element elementor-element-510179e elementor-widget__width-auto elementor-widget elementor-widget-wd_button\" data-id=\"510179e\" data-element_type=\"widget\" data-e-type=\"widget\" data-widget_type=\"wd_button.default\">\n\t\t\t\t<div class=\"elementor-widget-container\">\n\t\t\t\t\t\t\t<div class=\"wd-button-wrapper text-left\" >\n\t\t\t<a class=\"btn btn-style-default btn-shape-round btn-size-default btn-icon-pos-right\"  href=\"https:\/\/avukathht.com\/tr\/contact-us\/\">\n\t\t\t\t<span class=\"wd-btn-text\" data-elementor-setting-key=\"text\">\n\t\t\t\t\tBize Ula\u015f\u0131n\t\t\t\t<\/span>\n\n\t\t\t\t\t\t\t<\/a>\n\t\t<\/div>\n\t\t\t\t\t\t<\/div>\n\t\t\t\t<\/div>\n\t\t\t\t\t<\/div>\n\t\t<\/div>\n\t\t\t\t\t<\/div>\n\t\t<\/section>\n\t\t\t\t<section class=\"wd-negative-gap elementor-section elementor-top-section elementor-element elementor-element-817205b elementor-section-boxed elementor-section-height-default elementor-section-height-default\" data-id=\"817205b\" data-element_type=\"section\" data-e-type=\"section\">\n\t\t\t\t\t\t<div class=\"elementor-container elementor-column-gap-default\">\n\t\t\t\t\t<div class=\"elementor-column elementor-col-100 elementor-top-column elementor-element elementor-element-c2aa582\" data-id=\"c2aa582\" data-element_type=\"column\" data-e-type=\"column\">\n\t\t\t<div class=\"elementor-widget-wrap elementor-element-populated\">\n\t\t\t\t\t\t<div class=\"elementor-element elementor-element-dc6fddb elementor-widget elementor-widget-heading\" data-id=\"dc6fddb\" data-element_type=\"widget\" data-e-type=\"widget\" data-widget_type=\"heading.default\">\n\t\t\t\t<div class=\"elementor-widget-container\">\n\t\t\t\t\t<h2 class=\"elementor-heading-title elementor-size-default\">MEVCUT S\u00d6ZLE\u015eMELER\u0130 \u0130NCELEME H\u0130ZMET\u0130 <\/h2>\t\t\t\t<\/div>\n\t\t\t\t<\/div>\n\t\t\t\t\t<\/div>\n\t\t<\/div>\n\t\t\t\t\t<\/div>\n\t\t<\/section>\n\t\t\t\t<section class=\"wd-negative-gap elementor-section elementor-top-section elementor-element elementor-element-a639625 elementor-section-boxed elementor-section-height-default elementor-section-height-default\" data-id=\"a639625\" data-element_type=\"section\" data-e-type=\"section\">\n\t\t\t\t\t\t<div class=\"elementor-container elementor-column-gap-default\">\n\t\t\t\t\t<div class=\"elementor-column elementor-col-100 elementor-top-column elementor-element elementor-element-0a1a00e\" data-id=\"0a1a00e\" data-element_type=\"column\" data-e-type=\"column\">\n\t\t\t<div class=\"elementor-widget-wrap elementor-element-populated\">\n\t\t\t\t\t\t<div class=\"elementor-element elementor-element-f8b3177 elementor-widget elementor-widget-wd_text_block\" data-id=\"f8b3177\" data-element_type=\"widget\" data-e-type=\"widget\" data-widget_type=\"wd_text_block.default\">\n\t\t\t\t<div class=\"elementor-widget-container\">\n\t\t\t\t\t\t\t<div class=\"wd-text-block reset-last-child text-left\">\n\t\t\t\n\t\t\t<p><span style=\"font-weight: 400;\">Hayat\u0131n her alan\u0131nda imzalaman\u0131z gerekli olan s\u00f6zle\u015fmelerin (\u0130\u015f s\u00f6zle\u015fmeleri, abonelik s\u00f6zle\u015fmeleri v.b) imza alt\u0131na al\u0131nmadan \u00f6nce\u00a0 incelenmesi, uzmanlar\u0131 ile de\u011ferlendirilmesi ve size uygun tavsiyelerin yer ald\u0131\u011f\u0131 raporlar\u0131n haz\u0131rlanmas\u0131\u00a0 hizmetini veriyoruz.<\/span><\/p>\n\t\t\t\t\t<\/div>\n\t\t\t\t\t\t<\/div>\n\t\t\t\t<\/div>\n\t\t\t\t\t<\/div>\n\t\t<\/div>\n\t\t\t\t\t<\/div>\n\t\t<\/section>\n\t\t\t\t<section class=\"wd-negative-gap elementor-section elementor-top-section elementor-element elementor-element-b0062a9 elementor-section-boxed elementor-section-height-default elementor-section-height-default\" data-id=\"b0062a9\" data-element_type=\"section\" data-e-type=\"section\">\n\t\t\t\t\t\t<div class=\"elementor-container elementor-column-gap-default\">\n\t\t\t\t\t<div class=\"elementor-column elementor-col-100 elementor-top-column elementor-element elementor-element-b0216e0\" data-id=\"b0216e0\" data-element_type=\"column\" data-e-type=\"column\">\n\t\t\t<div class=\"elementor-widget-wrap elementor-element-populated\">\n\t\t\t\t\t\t<div class=\"elementor-element elementor-element-e3e29fc elementor-widget elementor-widget-heading\" data-id=\"e3e29fc\" data-element_type=\"widget\" data-e-type=\"widget\" data-widget_type=\"heading.default\">\n\t\t\t\t<div class=\"elementor-widget-container\">\n\t\t\t\t\t<h2 class=\"elementor-heading-title elementor-size-default\">YEN\u0130 S\u00d6ZLE\u015eME HAZIRLANMASI H\u0130ZMET\u0130 <\/h2>\t\t\t\t<\/div>\n\t\t\t\t<\/div>\n\t\t\t\t\t<\/div>\n\t\t<\/div>\n\t\t\t\t\t<\/div>\n\t\t<\/section>\n\t\t\t\t<section class=\"wd-negative-gap elementor-section elementor-top-section elementor-element elementor-element-e400e69 elementor-section-boxed elementor-section-height-default elementor-section-height-default\" data-id=\"e400e69\" data-element_type=\"section\" data-e-type=\"section\">\n\t\t\t\t\t\t<div class=\"elementor-container elementor-column-gap-default\">\n\t\t\t\t\t<div class=\"elementor-column elementor-col-100 elementor-top-column elementor-element elementor-element-c5e5f61\" data-id=\"c5e5f61\" data-element_type=\"column\" data-e-type=\"column\">\n\t\t\t<div class=\"elementor-widget-wrap elementor-element-populated\">\n\t\t\t\t\t\t<div class=\"elementor-element elementor-element-11c9c06 elementor-widget elementor-widget-wd_text_block\" data-id=\"11c9c06\" data-element_type=\"widget\" data-e-type=\"widget\" data-widget_type=\"wd_text_block.default\">\n\t\t\t\t<div class=\"elementor-widget-container\">\n\t\t\t\t\t\t\t<div class=\"wd-text-block reset-last-child text-left\">\n\t\t\t\n\t\t\t<p><span style=\"font-weight: 400;\">Ticari hayata cok kullan\u0131lan;<\/span><\/p><ul><li><span style=\"font-weight: 400;\">Ortakl\u0131k S\u00f6zle\u015fmesi,<\/span><\/li><li><span style=\"font-weight: 400;\">\u0130nsaat s\u00f6zle\u015fmeleri,<\/span><\/li><li><span style=\"font-weight: 400;\">Sat\u0131n alma veya Sat\u0131\u015f s\u00f6zle\u015fmeleri<\/span><\/li><li><span style=\"font-weight: 400;\">Bayilik ve temsilcilik s\u00f6zle\u015fmeleri\u00a0<\/span><\/li><li><span style=\"font-weight: 400;\">Kiralama s\u00f6zle\u015fmeleri\u00a0<\/span><\/li><\/ul><p><span style=\"font-weight: 400;\">gibi konularda size \u00f6zel s\u00f6zle\u015fmeleri sizler i\u00e7in haz\u0131rl\u0131yoruz.\u00a0\u00a0<\/span><\/p><p><span style=\"font-weight: 400;\">Makul \u00fccretler ile <\/span><b>size \u00f6zel<\/b><span style=\"font-weight: 400;\">\u00a0 bir s\u00f6zle\u015fme\u00a0 istiyor iseniz hemen bizimle itiribata ge\u00e7ebilirsiniz. <\/span><\/p>\n\t\t\t\t\t<\/div>\n\t\t\t\t\t\t<\/div>\n\t\t\t\t<\/div>\n\t\t\t\t\t<\/div>\n\t\t<\/div>\n\t\t\t\t\t<\/div>\n\t\t<\/section>\n\t\t\t\t<\/div>\n\t\t","protected":false},"excerpt":{"rendered":"<p>S\u00f6zle\u015fmeler Hukuku Bilindi\u011fi \u00fczere t\u00fcm bireysel ve kurumsal ili\u015fkilerde s\u00f6zle\u015fmeler \u00e7ok \u00f6nemli bir anlam ifade eder. S\u00f6zle\u015fmelerde yaz\u0131lmayan bir \u00e7ok<\/p>\n","protected":false},"author":1,"featured_media":0,"parent":0,"menu_order":0,"comment_status":"closed","ping_status":"closed","template":"","meta":{"_coblocks_attr":"","_coblocks_dimensions":"","_coblocks_responsive_height":"","_coblocks_accordion_ie_support":"","footnotes":""},"class_list":["post-16483","page","type-page","status-publish","hentry"],"_links":{"self":[{"href":"https:\/\/avukathht.com\/tr\/wp-json\/wp\/v2\/pages\/16483","targetHints":{"allow":["GET"]}}],"collection":[{"href":"https:\/\/avukathht.com\/tr\/wp-json\/wp\/v2\/pages"}],"about":[{"href":"https:\/\/avukathht.com\/tr\/wp-json\/wp\/v2\/types\/page"}],"author":[{"embeddable":true,"href":"https:\/\/avukathht.com\/tr\/wp-json\/wp\/v2\/users\/1"}],"replies":[{"embeddable":true,"href":"https:\/\/avukathht.com\/tr\/wp-json\/wp\/v2\/comments?post=16483"}],"version-history":[{"count":13,"href":"https:\/\/avukathht.com\/tr\/wp-json\/wp\/v2\/pages\/16483\/revisions"}],"predecessor-version":[{"id":17313,"href":"https:\/\/avukathht.com\/tr\/wp-json\/wp\/v2\/pages\/16483\/revisions\/17313"}],"wp:attachment":[{"href":"https:\/\/avukathht.com\/tr\/wp-json\/wp\/v2\/media?parent=16483"}],"curies":[{"name":"wp","href":"https:\/\/api.w.org\/{rel}","templated":true}]}}